{"id":6846,"date":"2023-08-07T17:16:13","date_gmt":"2023-08-07T15:16:13","guid":{"rendered":"http:\/\/damesmagiques.com\/?page_id=6846"},"modified":"2023-08-25T13:00:23","modified_gmt":"2023-08-25T11:00:23","slug":"2on-festival-dama","status":"publish","type":"page","link":"http:\/\/damesmagiques.com\/es\/2on-festival-dama\/","title":{"rendered":"2\u00ba FESTIVAL DAMA"},"content":{"rendered":"<div data-elementor-type=\"wp-page\" data-elementor-id=\"6846\" class=\"elementor elementor-6846\" data-elementor-post-type=\"page\">\n\t\t\t\t\t\t<section class=\"elementor-section elementor-top-section elementor-element elementor-element-79a66f0 elementor-section-boxed elementor-section-height-default elementor-section-height-default\" data-id=\"79a66f0\" data-element_type=\"section\">\n\t\t\t\t\t\t<div class=\"elementor-container elementor-column-gap-default\">\n\t\t\t\t\t<div class=\"elementor-column elementor-col-100 elementor-top-column elementor-element elementor-element-3c36c5c\" data-id=\"3c36c5c\" data-element_type=\"column\">\n\t\t\t<div class=\"elementor-widget-wrap elementor-element-populated\">\n\t\t\t\t\t\t<div class=\"elementor-element elementor-element-7eca1c7 elementor-widget elementor-widget-heading\" data-id=\"7eca1c7\" data-element_type=\"widget\" data-widget_type=\"heading.default\">\n\t\t\t\t<div class=\"elementor-widget-container\">\n\t\t\t<h2 class=\"elementor-heading-title elementor-size-default\">DAMA 2007<\/h2>\t\t<\/div>\n\t\t\t\t<\/div>\n\t\t\t\t<div class=\"elementor-element elementor-element-f17a1ee elementor-widget elementor-widget-heading\" data-id=\"f17a1ee\" data-element_type=\"widget\" data-widget_type=\"heading.default\">\n\t\t\t\t<div class=\"elementor-widget-container\">\n\t\t\t<h2 class=\"elementor-heading-title elementor-size-default\">2\u00ba FESTIVAL INTERNACIONAL DE DAMAS M\u00c1GICAS<\/h2>\t\t<\/div>\n\t\t\t\t<\/div>\n\t\t\t\t<section class=\"elementor-section elementor-inner-section elementor-element elementor-element-2c9fda1 elementor-section-boxed elementor-section-height-default elementor-section-height-default\" data-id=\"2c9fda1\" data-element_type=\"section\">\n\t\t\t\t\t\t<div class=\"elementor-container elementor-column-gap-default\">\n\t\t\t\t\t<div class=\"elementor-column elementor-col-100 elementor-inner-column elementor-element elementor-element-1e2409c\" data-id=\"1e2409c\" data-element_type=\"column\">\n\t\t\t<div class=\"elementor-widget-wrap elementor-element-populated\">\n\t\t\t\t\t\t<div class=\"elementor-element elementor-element-d81a019 elementor-widget elementor-widget-text-editor\" data-id=\"d81a019\" data-element_type=\"widget\" data-widget_type=\"text-editor.default\">\n\t\t\t\t<div class=\"elementor-widget-container\">\n\t\t\t\t\t\t\t<p style=\"text-align: justify;\">Os invito a asistir a DAMA, II Festival Internacional de Damas M\u00e1gicas, que se realizar\u00e1 durante el mes de julio en Terrassa. Ya ha pasado un a\u00f1o y volvemos a reencontrarnos con ilusi\u00f3n por disfrutar de la magia.<\/p><p style=\"text-align: justify;\">Quiero dar las gracias al Ayuntamiento de Terrassa ya todo el equipo del festival que, con su esfuerzo y entusiasmo, ha hecho posible que se haga esta segunda edici\u00f3n. Tambi\u00e9n agradecer el apoyo de todas las magas y magos, porque sin ellos no ser\u00eda posible hacer este festival. Y, c\u00f3mo no, del p\u00fablico que llen\u00f3 el teatro la primera edici\u00f3n y que est\u00e1 esperando con ilusi\u00f3n el festival de este a\u00f1o.<\/p><p style=\"text-align: justify;\">Este festival tiene la voluntad de convertirse en un espacio en el que las damas m\u00e1gicas de todas partes puedan mostrar su arte. Un sitio m\u00e1gico donde poder encontrarse, donde poder hablar de sus inquietudes, donde poder hacer germinar nuevos proyectos y ofrecer al p\u00fablico una sensibilidad especial y una forma diferente de hacer magia.<\/p><p style=\"text-align: justify;\">DAMA ha sido nominado por el Premio de Magia Internacional del Cometa M\u00e1gico de Argentina.<\/p><p style=\"text-align: justify;\">Queremos que nuestro festival, que es el \u00fanico encuentro del planeta de estas caracter\u00edsticas, sea un referente mundial de la magia femenina y lo estamos consiguiendo.<\/p><p style=\"text-align: justify;\">En el programa de este a\u00f1o encontrar\u00e1 damas m\u00e1gicas de Catalu\u00f1a, de Andaluc\u00eda, de Madrid, de Per\u00fa, de Canad\u00e1, de Argentina, de Alemania, y de Italia. Un abanico de magas fascinantes que nos ofrecer\u00e1n sus espect\u00e1culos durante los d\u00edas 13, 14 y 15 de julio 2007 en Terrassa.<\/p><p style=\"text-align: justify;\">Esperamos que disfrute de este festival y se deje maravillarse y seducir por los hechizos de una de las artes m\u00e1s viejas y eternas: la magia<\/p><p style=\"text-align: right;\"><strong>Teia Moner. Directora art\u00edstica DAMA<\/strong><\/p><p style=\"text-align: left;\">Agradecimientos especiales a Juan Mayoral, Josep Maria Llacer y Enric Magoo.<\/p>\t\t\t\t\t\t<\/div>\n\t\t\t\t<\/div>\n\t\t\t\t\t<\/div>\n\t\t<\/div>\n\t\t\t\t\t<\/div>\n\t\t<\/section>\n\t\t\t\t<div class=\"elementor-element elementor-element-16b5036 elementor-widget-divider--view-line elementor-widget elementor-widget-divider\" data-id=\"16b5036\" data-element_type=\"widget\" data-widget_type=\"divider.default\">\n\t\t\t\t<div class=\"elementor-widget-container\">\n\t\t\t\t\t<div class=\"elementor-divider\">\n\t\t\t<span class=\"elementor-divider-separator\">\n\t\t\t\t\t\t<\/span>\n\t\t<\/div>\n\t\t\t\t<\/div>\n\t\t\t\t<\/div>\n\t\t\t\t<section class=\"elementor-section elementor-inner-section elementor-element elementor-element-9a2cd39 elementor-section-boxed elementor-section-height-default elementor-section-height-default\" data-id=\"9a2cd39\" data-element_type=\"section\">\n\t\t\t\t\t\t<div class=\"elementor-container elementor-column-gap-default\">\n\t\t\t\t\t<div class=\"elementor-column elementor-col-50 elementor-inner-column elementor-element elementor-element-b7bbe6a\" data-id=\"b7bbe6a\" data-element_type=\"column\">\n\t\t\t<div class=\"elementor-widget-wrap elementor-element-populated\">\n\t\t\t\t\t\t<div class=\"elementor-element elementor-element-7a41946 elementor-widget elementor-widget-text-editor\" data-id=\"7a41946\" data-element_type=\"widget\" data-widget_type=\"text-editor.default\">\n\t\t\t\t<div class=\"elementor-widget-container\">\n\t\t\t\t\t\t\t<h4 style=\"text-align: justify;\"><b>PROGRAMA<\/b><\/h4><p style=\"text-align: justify;\"><b>13 Julio<\/b><\/p><p style=\"text-align: justify;\">21,30 h. Teatro Alegr\u00eda<\/p><p style=\"text-align: justify;\">Gala Inaugural<\/p><ul><li>\u00a0Presenta: In\u00e9s (Andaluc\u00eda)<\/li><li>Dama m\u00e1gica de Honor Rosa Maria Llop (Catalu\u00f1a)<\/li><li>N\u00faria Rafales (Catalu\u00f1a)<\/li><li>Yogane (Francia)<\/li><\/ul><p><b>14 Julio<\/b><\/p><p>12 h. Patio de la Casa Soler y Palet<\/p><ul><li>Conferencia-mesa redonda \u201cLa profesi\u00f3n de maga\u201d a cargo de Arian Black (Canada)<\/li><li>Presentaci\u00f3n del libro &quot;Historia de las Magas Antiguas y Modernas&quot; a cargo de la autora Gema Navarro. (Catalu\u00f1a)<\/li><\/ul><p>18,30 h. Plaza de Can Anglada<\/p><p>Espect\u00e1culos infantiles:\u00a0<\/p><ul><li>C\u00eda Xicana (Catalu\u00f1a)<\/li><li>Silvana (Argentina)<\/li><\/ul><p>22,30 h. Teatro Alegr\u00eda<\/p><p>Gala M\u00e1gica<\/p><ul><li>Presenta Maria Castillo (Catalu\u00f1a)<\/li><li>Visiona (Alemania)<\/li><li>Yogane (Francia)<\/li><li>Ines (Andaluc\u00eda)<\/li><li>Arian black (Canada)<\/li><li>Linda blue (Italia)<\/li><\/ul><p>24 h. Nueva Jazz Cava\u00a0<\/p><ul><li>Mandarina \u201cDra. Laura Amor\u201d (Argentina)<\/li><li>Anna Montserrat (Catalu\u00f1a)<\/li><li>Artistas invitados<\/li><\/ul><p><b>15 Julio<\/b><\/p><p>12h. Plaza de Can Anglada<\/p><p>Espect\u00e1culos infantiles:\u00a0<\/p><ul><li>Mandarina (Argentina)<\/li><li>Mercedes Carrion (Per\u00fa)<\/li><li>Mag\u00eda de cerca con Anna Montserrat (Catalu\u00f1a)<\/li><\/ul><p>18h. Teatro Alegr\u00eda<\/p><p>Gala Infantil<\/p><ul><li>Presenta Rosa Fit\u00e9 (Catalu\u00f1a)<\/li><li>C\u00eda. chicane (Catalu\u00f1a)<\/li><li>Mandarina (Argentina)<\/li><li>Silvana (Argentina)<\/li><li>Linda blue (Italia)<\/li><\/ul>\t\t\t\t\t\t<\/div>\n\t\t\t\t<\/div>\n\t\t\t\t\t<\/div>\n\t\t<\/div>\n\t\t\t\t<div class=\"elementor-column elementor-col-50 elementor-inner-column elementor-element elementor-element-cae69b0\" data-id=\"cae69b0\" data-element_type=\"column\">\n\t\t\t<div class=\"elementor-widget-wrap elementor-element-populated\">\n\t\t\t\t\t\t<div class=\"elementor-element elementor-element-fe5d4d1 elementor-widget elementor-widget-image\" data-id=\"fe5d4d1\" data-element_type=\"widget\" data-widget_type=\"image.default\">\n\t\t\t\t<div class=\"elementor-widget-container\">\n\t\t\t\t\t\t\t\t\t\t\t\t\t<img fetchpriority=\"high\" decoding=\"async\" width=\"768\" height=\"1087\" src=\"https:\/\/damesmagiques.com\/wp-content\/uploads\/2023\/08\/posterDAMA2007-768x1087.jpg\" class=\"attachment-medium_large size-medium_large wp-image-6883\" alt=\"Poster Damma 2007\" srcset=\"https:\/\/damesmagiques.com\/wp-content\/uploads\/2023\/08\/posterDAMA2007-768x1087.jpg 768w, https:\/\/damesmagiques.com\/wp-content\/uploads\/2023\/08\/posterDAMA2007-212x300.jpg 212w, https:\/\/damesmagiques.com\/wp-content\/uploads\/2023\/08\/posterDAMA2007-724x1024.jpg 724w, https:\/\/damesmagiques.com\/wp-content\/uploads\/2023\/08\/posterDAMA2007-8x12.jpg 8w, https:\/\/damesmagiques.com\/wp-content\/uploads\/2023\/08\/posterDAMA2007.jpg 1060w\" sizes=\"(max-width: 768px) 100vw, 768px\" \/>\t\t\t\t\t\t\t\t\t\t\t\t\t<\/div>\n\t\t\t\t<\/div>\n\t\t\t\t\t<\/div>\n\t\t<\/div>\n\t\t\t\t\t<\/div>\n\t\t<\/section>\n\t\t\t\t\t<\/div>\n\t\t<\/div>\n\t\t\t\t\t<\/div>\n\t\t<\/section>\n\t\t\t\t<section class=\"elementor-section elementor-top-section elementor-element elementor-element-66a6711 elementor-section-boxed elementor-section-height-default elementor-section-height-default\" data-id=\"66a6711\" data-element_type=\"section\">\n\t\t\t\t\t\t<div class=\"elementor-container elementor-column-gap-default\">\n\t\t\t\t\t<div class=\"elementor-column elementor-col-100 elementor-top-column elementor-element elementor-element-c7ed542\" data-id=\"c7ed542\" data-element_type=\"column\">\n\t\t\t<div class=\"elementor-widget-wrap elementor-element-populated\">\n\t\t\t\t\t\t<div class=\"elementor-element elementor-element-6964e97 elementor-widget elementor-widget-text-editor\" data-id=\"6964e97\" data-element_type=\"widget\" data-widget_type=\"text-editor.default\">\n\t\t\t\t<div class=\"elementor-widget-container\">\n\t\t\t\t\t\t\t<h4 style=\"font-style: normal; letter-spacing: 1.5px;\">PATROCINA<\/h4><p style=\"color: #5f5f5f; font-family: Lato, sans-serif; font-size: 16px; letter-spacing: 1.5px;\">Organiza: Ayuntamiento de Terrassa, Teia Moner SCCL, Gaac Servicios Culturales con la colaboraci\u00f3n del ICEC de la Generalitat de Catalunya, Tothom suma<br \/>Colaboran: Jazz Terrassa y Nova Jazz Cava<br \/>Direcci\u00f3n art\u00edstica: Teia Moner<br \/>Direcci\u00f3n t\u00e9cnica: Miquel Espinosa<br \/>Dise\u00f1o gr\u00e1fico: Urgell Obiols<\/p>\t\t\t\t\t\t<\/div>\n\t\t\t\t<\/div>\n\t\t\t\t<div class=\"elementor-element elementor-element-ab595f9 elementor-widget-divider--view-line elementor-widget elementor-widget-divider\" data-id=\"ab595f9\" data-element_type=\"widget\" data-widget_type=\"divider.default\">\n\t\t\t\t<div class=\"elementor-widget-container\">\n\t\t\t\t\t<div class=\"elementor-divider\">\n\t\t\t<span class=\"elementor-divider-separator\">\n\t\t\t\t\t\t<\/span>\n\t\t<\/div>\n\t\t\t\t<\/div>\n\t\t\t\t<\/div>\n\t\t\t\t\t<\/div>\n\t\t<\/div>\n\t\t\t\t\t<\/div>\n\t\t<\/section>\n\t\t\t\t<section class=\"elementor-section elementor-top-section elementor-element elementor-element-dca180c elementor-section-boxed elementor-section-height-default elementor-section-height-default\" data-id=\"dca180c\" data-element_type=\"section\">\n\t\t\t\t\t\t<div class=\"elementor-container elementor-column-gap-default\">\n\t\t\t\t\t<div class=\"elementor-column elementor-col-100 elementor-top-column elementor-element elementor-element-3056471\" data-id=\"3056471\" data-element_type=\"column\">\n\t\t\t<div class=\"elementor-widget-wrap elementor-element-populated\">\n\t\t\t\t\t\t<div class=\"elementor-element elementor-element-39e2bfa elementor-widget elementor-widget-gallery\" data-id=\"39e2bfa\" data-element_type=\"widget\" data-settings=\"{&quot;gallery_layout&quot;:&quot;justified&quot;,&quot;gap&quot;:{&quot;unit&quot;:&quot;px&quot;,&quot;size&quot;:0,&quot;sizes&quot;:[]},&quot;lazyload&quot;:&quot;yes&quot;,&quot;ideal_row_height&quot;:{&quot;unit&quot;:&quot;px&quot;,&quot;size&quot;:200,&quot;sizes&quot;:[]},&quot;ideal_row_height_tablet&quot;:{&quot;unit&quot;:&quot;px&quot;,&quot;size&quot;:150,&quot;sizes&quot;:[]},&quot;ideal_row_height_mobile&quot;:{&quot;unit&quot;:&quot;px&quot;,&quot;size&quot;:150,&quot;sizes&quot;:[]},&quot;gap_tablet&quot;:{&quot;unit&quot;:&quot;px&quot;,&quot;size&quot;:10,&quot;sizes&quot;:[]},&quot;gap_mobile&quot;:{&quot;unit&quot;:&quot;px&quot;,&quot;size&quot;:10,&quot;sizes&quot;:[]},&quot;link_to&quot;:&quot;file&quot;,&quot;overlay_background&quot;:&quot;yes&quot;,&quot;content_hover_animation&quot;:&quot;fade-in&quot;}\" data-widget_type=\"gallery.default\">\n\t\t\t\t<div class=\"elementor-widget-container\">\n\t\t\t\t\t<div class=\"elementor-gallery__container\">\n\t\t\t\t\t\t\t<a class=\"e-gallery-item elementor-gallery-item elementor-animated-content\" href=\"https:\/\/damesmagiques.com\/wp-content\/uploads\/2020\/08\/DAMA2019-1.jpg\">\n\t\t\t\t\t<div class=\"e-gallery-image elementor-gallery-item__image\" data-thumbnail=\"https:\/\/damesmagiques.com\/wp-content\/uploads\/2020\/08\/DAMA2019-1.jpg\" data-width=\"494\" data-height=\"700\" aria-label=\"\" role=\"img\" ><\/div>\n\t\t\t\t\t\t\t\t\t\t\t<div class=\"elementor-gallery-item__overlay\"><\/div>\n\t\t\t\t\t\t\t\t\t\t\t\t\t\t<\/a>\n\t\t\t\t\t\t\t<a class=\"e-gallery-item elementor-gallery-item elementor-animated-content\" href=\"https:\/\/damesmagiques.com\/wp-content\/uploads\/2020\/08\/DAMA2014-1.jpg\">\n\t\t\t\t\t<div class=\"e-gallery-image elementor-gallery-item__image\" data-thumbnail=\"https:\/\/damesmagiques.com\/wp-content\/uploads\/2020\/08\/DAMA2014-1.jpg\" data-width=\"495\" data-height=\"700\" aria-label=\"\" role=\"img\" ><\/div>\n\t\t\t\t\t\t\t\t\t\t\t<div class=\"elementor-gallery-item__overlay\"><\/div>\n\t\t\t\t\t\t\t\t\t\t\t\t\t\t<\/a>\n\t\t\t\t\t\t\t<a class=\"e-gallery-item elementor-gallery-item elementor-animated-content\" href=\"https:\/\/damesmagiques.com\/wp-content\/uploads\/2020\/08\/DAMA2012-1.jpg\">\n\t\t\t\t\t<div class=\"e-gallery-image elementor-gallery-item__image\" data-thumbnail=\"https:\/\/damesmagiques.com\/wp-content\/uploads\/2020\/08\/DAMA2012-1.jpg\" data-width=\"333\" data-height=\"700\" aria-label=\"\" role=\"img\" ><\/div>\n\t\t\t\t\t\t\t\t\t\t\t<div class=\"elementor-gallery-item__overlay\"><\/div>\n\t\t\t\t\t\t\t\t\t\t\t\t\t\t<\/a>\n\t\t\t\t\t\t\t<a class=\"e-gallery-item elementor-gallery-item elementor-animated-content\" href=\"https:\/\/damesmagiques.com\/wp-content\/uploads\/2020\/08\/DAMA2011-1.jpg\">\n\t\t\t\t\t<div class=\"e-gallery-image elementor-gallery-item__image\" data-thumbnail=\"https:\/\/damesmagiques.com\/wp-content\/uploads\/2020\/08\/DAMA2011-1.jpg\" data-width=\"495\" data-height=\"700\" aria-label=\"\" role=\"img\" ><\/div>\n\t\t\t\t\t\t\t\t\t\t\t<div class=\"elementor-gallery-item__overlay\"><\/div>\n\t\t\t\t\t\t\t\t\t\t\t\t\t\t<\/a>\n\t\t\t\t\t\t\t<a class=\"e-gallery-item elementor-gallery-item elementor-animated-content\" href=\"https:\/\/damesmagiques.com\/wp-content\/uploads\/2020\/08\/DAMA2010-1.jpg\">\n\t\t\t\t\t<div class=\"e-gallery-image elementor-gallery-item__image\" data-thumbnail=\"https:\/\/damesmagiques.com\/wp-content\/uploads\/2020\/08\/DAMA2010-1.jpg\" data-width=\"466\" data-height=\"700\" aria-label=\"\" role=\"img\" ><\/div>\n\t\t\t\t\t\t\t\t\t\t\t<div class=\"elementor-gallery-item__overlay\"><\/div>\n\t\t\t\t\t\t\t\t\t\t\t\t\t\t<\/a>\n\t\t\t\t\t\t\t<a class=\"e-gallery-item elementor-gallery-item elementor-animated-content\" href=\"https:\/\/damesmagiques.com\/wp-content\/uploads\/2020\/08\/DAMA2009-1.jpg\">\n\t\t\t\t\t<div class=\"e-gallery-image elementor-gallery-item__image\" data-thumbnail=\"https:\/\/damesmagiques.com\/wp-content\/uploads\/2020\/08\/DAMA2009-1.jpg\" data-width=\"467\" data-height=\"700\" aria-label=\"\" role=\"img\" ><\/div>\n\t\t\t\t\t\t\t\t\t\t\t<div class=\"elementor-gallery-item__overlay\"><\/div>\n\t\t\t\t\t\t\t\t\t\t\t\t\t\t<\/a>\n\t\t\t\t\t\t\t<a class=\"e-gallery-item elementor-gallery-item elementor-animated-content\" href=\"https:\/\/damesmagiques.com\/wp-content\/uploads\/2020\/08\/DAMA2008-1.jpg\">\n\t\t\t\t\t<div class=\"e-gallery-image elementor-gallery-item__image\" data-thumbnail=\"https:\/\/damesmagiques.com\/wp-content\/uploads\/2020\/08\/DAMA2008-1.jpg\" data-width=\"417\" data-height=\"700\" aria-label=\"\" role=\"img\" ><\/div>\n\t\t\t\t\t\t\t\t\t\t\t<div class=\"elementor-gallery-item__overlay\"><\/div>\n\t\t\t\t\t\t\t\t\t\t\t\t\t\t<\/a>\n\t\t\t\t\t\t\t<a class=\"e-gallery-item elementor-gallery-item elementor-animated-content\" href=\"https:\/\/damesmagiques.com\/wp-content\/uploads\/2020\/08\/DAMA2007-1.jpg\">\n\t\t\t\t\t<div class=\"e-gallery-image elementor-gallery-item__image\" data-thumbnail=\"https:\/\/damesmagiques.com\/wp-content\/uploads\/2020\/08\/DAMA2007-1.jpg\" data-width=\"495\" data-height=\"700\" aria-label=\"\" role=\"img\" ><\/div>\n\t\t\t\t\t\t\t\t\t\t\t<div class=\"elementor-gallery-item__overlay\"><\/div>\n\t\t\t\t\t\t\t\t\t\t\t\t\t\t<\/a>\n\t\t\t\t\t\t\t<a class=\"e-gallery-item elementor-gallery-item elementor-animated-content\" href=\"https:\/\/damesmagiques.com\/wp-content\/uploads\/2020\/08\/DAMA2006-1.jpg\">\n\t\t\t\t\t<div class=\"e-gallery-image elementor-gallery-item__image\" data-thumbnail=\"https:\/\/damesmagiques.com\/wp-content\/uploads\/2020\/08\/DAMA2006-1.jpg\" data-width=\"500\" data-height=\"700\" aria-label=\"\" role=\"img\" ><\/div>\n\t\t\t\t\t\t\t\t\t\t\t<div class=\"elementor-gallery-item__overlay\"><\/div>\n\t\t\t\t\t\t\t\t\t\t\t\t\t\t<\/a>\n\t\t\t\t\t<\/div>\n\t\t\t<\/div>\n\t\t\t\t<\/div>\n\t\t\t\t\t<\/div>\n\t\t<\/div>\n\t\t\t\t\t<\/div>\n\t\t<\/section>\n\t\t\t\t<section class=\"elementor-section elementor-top-section elementor-element elementor-element-c13debd elementor-section-boxed elementor-section-height-default elementor-section-height-default\" data-id=\"c13debd\" data-element_type=\"section\">\n\t\t\t\t\t\t<div class=\"elementor-container elementor-column-gap-default\">\n\t\t\t\t\t<div class=\"elementor-column elementor-col-100 elementor-top-column elementor-element elementor-element-2ebf836\" data-id=\"2ebf836\" data-element_type=\"column\">\n\t\t\t<div class=\"elementor-widget-wrap\">\n\t\t\t\t\t\t\t<\/div>\n\t\t<\/div>\n\t\t\t\t\t<\/div>\n\t\t<\/section>\n\t\t\t\t<\/div>","protected":false},"excerpt":{"rendered":"<p>DAMA 2007 2\u00ba FESTIVAL INTERNACIONAL DE DAMAS M\u00c1GICAS Os invito a asistir a DAMA, II Festival Internacional de Damas M\u00e1gicas, que se realizar\u00e1 durante el mes de julio en Terrassa. \u2026 <\/p>\n<p class=\"read-more-container\"><a title=\"2\u00ba FESTIVAL DAMA\" class=\"read-more button\" href=\"http:\/\/damesmagiques.com\/es\/2on-festival-dama\/#more-6846\">seguir leyendo<span class=\"screen-reader-text\">2\u00ba FESTIVAL DAMA<\/span><\/a><\/p>","protected":false},"author":1,"featured_media":0,"parent":0,"menu_order":0,"comment_status":"closed","ping_status":"closed","template":"","meta":{"footnotes":""},"_links":{"self":[{"href":"http:\/\/damesmagiques.com\/es\/wp-json\/wp\/v2\/pages\/6846"}],"collection":[{"href":"http:\/\/damesmagiques.com\/es\/wp-json\/wp\/v2\/pages"}],"about":[{"href":"http:\/\/damesmagiques.com\/es\/wp-json\/wp\/v2\/types\/page"}],"author":[{"embeddable":true,"href":"http:\/\/damesmagiques.com\/es\/wp-json\/wp\/v2\/users\/1"}],"replies":[{"embeddable":true,"href":"http:\/\/damesmagiques.com\/es\/wp-json\/wp\/v2\/comments?post=6846"}],"version-history":[{"count":23,"href":"http:\/\/damesmagiques.com\/es\/wp-json\/wp\/v2\/pages\/6846\/revisions"}],"predecessor-version":[{"id":7499,"href":"http:\/\/damesmagiques.com\/es\/wp-json\/wp\/v2\/pages\/6846\/revisions\/7499"}],"wp:attachment":[{"href":"http:\/\/damesmagiques.com\/es\/wp-json\/wp\/v2\/media?parent=6846"}],"curies":[{"name":"wp","href":"https:\/\/api.w.org\/{rel}","templated":true}]}}