{"id":6852,"date":"2023-08-07T17:19:06","date_gmt":"2023-08-07T15:19:06","guid":{"rendered":"http:\/\/damesmagiques.com\/?page_id=6852"},"modified":"2023-08-25T13:03:16","modified_gmt":"2023-08-25T11:03:16","slug":"4art-festival-dama","status":"publish","type":"page","link":"http:\/\/damesmagiques.com\/es\/4art-festival-dama\/","title":{"rendered":"4art FESTIVAL DAMA"},"content":{"rendered":"<div data-elementor-type=\"wp-page\" data-elementor-id=\"6852\" class=\"elementor elementor-6852\" data-elementor-post-type=\"page\">\n\t\t\t\t\t\t<section class=\"elementor-section elementor-top-section elementor-element elementor-element-79a66f0 elementor-section-boxed elementor-section-height-default elementor-section-height-default\" data-id=\"79a66f0\" data-element_type=\"section\">\n\t\t\t\t\t\t<div class=\"elementor-container elementor-column-gap-default\">\n\t\t\t\t\t<div class=\"elementor-column elementor-col-100 elementor-top-column elementor-element elementor-element-3c36c5c\" data-id=\"3c36c5c\" data-element_type=\"column\">\n\t\t\t<div class=\"elementor-widget-wrap elementor-element-populated\">\n\t\t\t\t\t\t<div class=\"elementor-element elementor-element-7eca1c7 elementor-widget elementor-widget-heading\" data-id=\"7eca1c7\" data-element_type=\"widget\" data-widget_type=\"heading.default\">\n\t\t\t\t<div class=\"elementor-widget-container\">\n\t\t\t<h2 class=\"elementor-heading-title elementor-size-default\">DAMA 2009<\/h2>\t\t<\/div>\n\t\t\t\t<\/div>\n\t\t\t\t<div class=\"elementor-element elementor-element-f17a1ee elementor-widget elementor-widget-heading\" data-id=\"f17a1ee\" data-element_type=\"widget\" data-widget_type=\"heading.default\">\n\t\t\t\t<div class=\"elementor-widget-container\">\n\t\t\t<h2 class=\"elementor-heading-title elementor-size-default\">4\u00ba FESTIVAL INTERNACIONAL DE DAMAS M\u00c1GICAS<\/h2>\t\t<\/div>\n\t\t\t\t<\/div>\n\t\t\t\t<section class=\"elementor-section elementor-inner-section elementor-element elementor-element-2c9fda1 elementor-section-boxed elementor-section-height-default elementor-section-height-default\" data-id=\"2c9fda1\" data-element_type=\"section\">\n\t\t\t\t\t\t<div class=\"elementor-container elementor-column-gap-default\">\n\t\t\t\t\t<div class=\"elementor-column elementor-col-100 elementor-inner-column elementor-element elementor-element-1e2409c\" data-id=\"1e2409c\" data-element_type=\"column\">\n\t\t\t<div class=\"elementor-widget-wrap elementor-element-populated\">\n\t\t\t\t\t\t<div class=\"elementor-element elementor-element-d81a019 elementor-widget elementor-widget-text-editor\" data-id=\"d81a019\" data-element_type=\"widget\" data-widget_type=\"text-editor.default\">\n\t\t\t\t<div class=\"elementor-widget-container\">\n\t\t\t\t\t\t\t<p style=\"text-align: justify;\">Por cuarto a\u00f1o consecutivo el Ayuntamiento de Terrassa con su varita m\u00e1gica ha conseguido, que DAMA vuelva a abrir sus puertas los d\u00edas 10, 11 y 12 de julio 2009. El equipo humano que hacemos posible el festival le agradecemos de todo coraz\u00f3n ese esfuerzo.<\/p>\n<p style=\"text-align: justify;\">Una de las cosas que despierta mayor curiosidad en los medios de comunicaci\u00f3n y en el p\u00fablico en general es la diferencia que existe entre la magia que hacen los hombres y la magia que hacen las mujeres. Os invito a que encuentre la respuesta usted mismo participando en la cuarta edici\u00f3n de DAMA.<\/p>\n<p style=\"text-align: justify;\">En el programa de este a\u00f1o encontrar\u00e1 damas m\u00e1gicas de Rusia, Francia, Alemania, Argentina, Madrid, Extremadura y Catalu\u00f1a. Un abanico de magas fascinantes que nos ofrecer\u00e1n su exquisita presencia y sus espect\u00e1culos.<\/p>\n<p style=\"text-align: justify;\">Como cada a\u00f1o hacemos un reconocimiento a toda una trayectoria dando el premio DAMA M\u00c1GICA DE HONOR, en esta edici\u00f3n le entregamos a Ana Tamariz, una maga que lleva la magia en la sangre. Es madre e hija de magos. Su padre es el consagrado Juan Tamariz. Esta gran ilusionista dirige desde hace veinte a\u00f1os la escuela de magos que m\u00e1s talento ha formado por los escenarios del pa\u00eds y los internacionales. La escuela ense\u00f1a los secretos de la prestidigitaci\u00f3n a m\u00e1s de 200 alumnos y es la \u00fanica escuela de magia que existe en Espa\u00f1a.<\/p><p style=\"text-align: justify;\">Espero que estos d\u00edas se deje cautivar por la magia de estas grandes damas.<\/p>\n<p style=\"text-align: right;\"><strong>Teia Moner. Directora art\u00edstica DAMA<\/strong><\/p>\t\t\t\t\t\t<\/div>\n\t\t\t\t<\/div>\n\t\t\t\t\t<\/div>\n\t\t<\/div>\n\t\t\t\t\t<\/div>\n\t\t<\/section>\n\t\t\t\t<div class=\"elementor-element elementor-element-16b5036 elementor-widget-divider--view-line elementor-widget elementor-widget-divider\" data-id=\"16b5036\" data-element_type=\"widget\" data-widget_type=\"divider.default\">\n\t\t\t\t<div class=\"elementor-widget-container\">\n\t\t\t\t\t<div class=\"elementor-divider\">\n\t\t\t<span class=\"elementor-divider-separator\">\n\t\t\t\t\t\t<\/span>\n\t\t<\/div>\n\t\t\t\t<\/div>\n\t\t\t\t<\/div>\n\t\t\t\t<section class=\"elementor-section elementor-inner-section elementor-element elementor-element-9a2cd39 elementor-section-boxed elementor-section-height-default elementor-section-height-default\" data-id=\"9a2cd39\" data-element_type=\"section\">\n\t\t\t\t\t\t<div class=\"elementor-container elementor-column-gap-default\">\n\t\t\t\t\t<div class=\"elementor-column elementor-col-50 elementor-inner-column elementor-element elementor-element-b7bbe6a\" data-id=\"b7bbe6a\" data-element_type=\"column\">\n\t\t\t<div class=\"elementor-widget-wrap elementor-element-populated\">\n\t\t\t\t\t\t<div class=\"elementor-element elementor-element-7a41946 elementor-widget__width-initial elementor-widget elementor-widget-text-editor\" data-id=\"7a41946\" data-element_type=\"widget\" data-widget_type=\"text-editor.default\">\n\t\t\t\t<div class=\"elementor-widget-container\">\n\t\t\t\t\t\t\t<h4 style=\"text-align: justify;\"><b>PROGRAMA<\/b><\/h4><p style=\"text-align: justify;\"><b>10 Julio<\/b><\/p><p style=\"text-align: justify;\">21h Teatro Alegr\u00eda<\/p><p style=\"text-align: justify;\">Gala Inaugural<\/p><ul><li>Presenta Amelie (Madrid)<\/li><li>Dama M\u00e1gica de Honor Ana Tamariz (Madrid)<\/li><li>Paula Navia (Catalu\u00f1a)<\/li><li>Inga Savitskaya (Rusia)<\/li><li>Patri Zenner (Extremadura)<\/li><li>Valeria Guglietti (Argentina)<\/li><li>Alana (Alemania)<\/li><\/ul><p><b>11 Julio<\/b><\/p><p>11,30 h. Patio de la Casa Soler y Palet<\/p><ul><li>Conferencia-mesa redonda<br \/>&quot;Las mujeres y los festivales de magia&quot;<br \/>A cargo de Patri Zenner<\/li><\/ul><p>18 h. Plaza Vieja<\/p><p>Talleres de magia<\/p><ul><li>Gaac\u00a0<\/li><li>Teia Moner (Catalu\u00f1a)<\/li><\/ul><p>22 h. Teatro Alegr\u00eda<\/p><p>Gala M\u00e1gica<\/p><ul><li>Presenta Gloria Font (Catalu\u00f1a)<\/li><li>Inga Savitskaya (Rusia)<\/li><li>Patri Zenner (Extremadura)<\/li><li>Amelie (Madrid)<\/li><li>Marimar (Catalu\u00f1a)<\/li><li>Alana (Alemania)<\/li><\/ul><p>24 h. Nueva Jazz Cava<\/p><p>Sesi\u00f3n Golfa<\/p><ul><li>Presenta Akira (Catalu\u00f1a)<\/li><li>Artistas invitados<\/li><\/ul><p><b>12 Julio<\/b><\/p><p>11h. Plaza del Progres\u00a0<\/p><p>Talleres de magia\u00a0<\/p><ul><li>GAAC<\/li><li>Teia Moner (Catalu\u00f1a)<\/li><\/ul><p>18h. Teatro Alegr\u00eda<\/p><ul><li>Espect\u00e1culo familiar: Valeria Guglietti (Argentina)<\/li><\/ul>\t\t\t\t\t\t<\/div>\n\t\t\t\t<\/div>\n\t\t\t\t\t<\/div>\n\t\t<\/div>\n\t\t\t\t<div class=\"elementor-column elementor-col-50 elementor-inner-column elementor-element elementor-element-cae69b0\" data-id=\"cae69b0\" data-element_type=\"column\">\n\t\t\t<div class=\"elementor-widget-wrap elementor-element-populated\">\n\t\t\t\t\t\t<div class=\"elementor-element elementor-element-fe5d4d1 elementor-widget elementor-widget-image\" data-id=\"fe5d4d1\" data-element_type=\"widget\" data-widget_type=\"image.default\">\n\t\t\t\t<div class=\"elementor-widget-container\">\n\t\t\t\t\t\t\t\t\t\t\t\t\t<img fetchpriority=\"high\" decoding=\"async\" width=\"768\" height=\"1146\" src=\"https:\/\/damesmagiques.com\/wp-content\/uploads\/2023\/08\/posterDAMA2009-768x1146.jpg\" class=\"attachment-medium_large size-medium_large wp-image-6891\" alt=\"Poster Festival DAMA 2009\" srcset=\"https:\/\/damesmagiques.com\/wp-content\/uploads\/2023\/08\/posterDAMA2009-768x1146.jpg 768w, https:\/\/damesmagiques.com\/wp-content\/uploads\/2023\/08\/posterDAMA2009-201x300.jpg 201w, https:\/\/damesmagiques.com\/wp-content\/uploads\/2023\/08\/posterDAMA2009-686x1024.jpg 686w, https:\/\/damesmagiques.com\/wp-content\/uploads\/2023\/08\/posterDAMA2009-8x12.jpg 8w, https:\/\/damesmagiques.com\/wp-content\/uploads\/2023\/08\/posterDAMA2009.jpg 1005w\" sizes=\"(max-width: 768px) 100vw, 768px\" \/>\t\t\t\t\t\t\t\t\t\t\t\t\t<\/div>\n\t\t\t\t<\/div>\n\t\t\t\t\t<\/div>\n\t\t<\/div>\n\t\t\t\t\t<\/div>\n\t\t<\/section>\n\t\t\t\t\t<\/div>\n\t\t<\/div>\n\t\t\t\t\t<\/div>\n\t\t<\/section>\n\t\t\t\t<section class=\"elementor-section elementor-top-section elementor-element elementor-element-9a08961 elementor-section-boxed elementor-section-height-default elementor-section-height-default\" data-id=\"9a08961\" data-element_type=\"section\">\n\t\t\t\t\t\t<div class=\"elementor-container elementor-column-gap-default\">\n\t\t\t\t\t<div class=\"elementor-column elementor-col-100 elementor-top-column elementor-element elementor-element-c483943\" data-id=\"c483943\" data-element_type=\"column\">\n\t\t\t<div class=\"elementor-widget-wrap elementor-element-populated\">\n\t\t\t\t\t\t<div class=\"elementor-element elementor-element-95139e9 elementor-widget elementor-widget-text-editor\" data-id=\"95139e9\" data-element_type=\"widget\" data-widget_type=\"text-editor.default\">\n\t\t\t\t<div class=\"elementor-widget-container\">\n\t\t\t\t\t\t\t<h4 style=\"font-style: normal; letter-spacing: 1.5px;\">PATROCINA<\/h4>\n<p style=\"color: #5f5f5f; font-size: 16px; letter-spacing: 1.5px;\">Organiza: Ayuntamiento de Terrassa, Plan de barrios<\/p><p style=\"color: #5f5f5f; font-size: 16px; letter-spacing: 1.5px;\">Con la ayuda de: Departamento de Cultura de la Generalidad de Catalu\u00f1a y Diputaci\u00f3n de Barcelona Red de Municipios y Terrassa Capital<\/p><p style=\"color: #5f5f5f; font-size: 16px; letter-spacing: 1.5px;\">\nColaboran: Jazz Terrassa y Caixa Layetana<\/p><p style=\"color: #5f5f5f; font-size: 16px; letter-spacing: 1.5px;\">Direcci\u00f3n: Teia Moner<\/p><p style=\"color: #5f5f5f; font-size: 16px; letter-spacing: 1.5px;\">Producci\u00f3n: Gaac\n<\/p>\t\t\t\t\t\t<\/div>\n\t\t\t\t<\/div>\n\t\t\t\t<div class=\"elementor-element elementor-element-1285ecc elementor-widget-divider--view-line elementor-widget elementor-widget-divider\" data-id=\"1285ecc\" data-element_type=\"widget\" data-widget_type=\"divider.default\">\n\t\t\t\t<div class=\"elementor-widget-container\">\n\t\t\t\t\t<div class=\"elementor-divider\">\n\t\t\t<span class=\"elementor-divider-separator\">\n\t\t\t\t\t\t<\/span>\n\t\t<\/div>\n\t\t\t\t<\/div>\n\t\t\t\t<\/div>\n\t\t\t\t\t<\/div>\n\t\t<\/div>\n\t\t\t\t\t<\/div>\n\t\t<\/section>\n\t\t\t\t<section class=\"elementor-section elementor-top-section elementor-element elementor-element-dca180c elementor-section-boxed elementor-section-height-default elementor-section-height-default\" data-id=\"dca180c\" data-element_type=\"section\">\n\t\t\t\t\t\t<div class=\"elementor-container elementor-column-gap-default\">\n\t\t\t\t\t<div class=\"elementor-column elementor-col-100 elementor-top-column elementor-element elementor-element-3056471\" data-id=\"3056471\" data-element_type=\"column\">\n\t\t\t<div class=\"elementor-widget-wrap elementor-element-populated\">\n\t\t\t\t\t\t<div class=\"elementor-element elementor-element-39e2bfa elementor-widget elementor-widget-gallery\" data-id=\"39e2bfa\" data-element_type=\"widget\" data-settings=\"{&quot;gallery_layout&quot;:&quot;justified&quot;,&quot;gap&quot;:{&quot;unit&quot;:&quot;px&quot;,&quot;size&quot;:0,&quot;sizes&quot;:[]},&quot;lazyload&quot;:&quot;yes&quot;,&quot;ideal_row_height&quot;:{&quot;unit&quot;:&quot;px&quot;,&quot;size&quot;:200,&quot;sizes&quot;:[]},&quot;ideal_row_height_tablet&quot;:{&quot;unit&quot;:&quot;px&quot;,&quot;size&quot;:150,&quot;sizes&quot;:[]},&quot;ideal_row_height_mobile&quot;:{&quot;unit&quot;:&quot;px&quot;,&quot;size&quot;:150,&quot;sizes&quot;:[]},&quot;gap_tablet&quot;:{&quot;unit&quot;:&quot;px&quot;,&quot;size&quot;:10,&quot;sizes&quot;:[]},&quot;gap_mobile&quot;:{&quot;unit&quot;:&quot;px&quot;,&quot;size&quot;:10,&quot;sizes&quot;:[]},&quot;link_to&quot;:&quot;file&quot;,&quot;overlay_background&quot;:&quot;yes&quot;,&quot;content_hover_animation&quot;:&quot;fade-in&quot;}\" data-widget_type=\"gallery.default\">\n\t\t\t\t<div class=\"elementor-widget-container\">\n\t\t\t\t\t<div class=\"elementor-gallery__container\">\n\t\t\t\t\t\t\t<a class=\"e-gallery-item elementor-gallery-item elementor-animated-content\" href=\"https:\/\/damesmagiques.com\/wp-content\/uploads\/2020\/08\/DAMA2019-1.jpg\">\n\t\t\t\t\t<div class=\"e-gallery-image elementor-gallery-item__image\" data-thumbnail=\"https:\/\/damesmagiques.com\/wp-content\/uploads\/2020\/08\/DAMA2019-1.jpg\" data-width=\"494\" data-height=\"700\" aria-label=\"\" role=\"img\" ><\/div>\n\t\t\t\t\t\t\t\t\t\t\t<div class=\"elementor-gallery-item__overlay\"><\/div>\n\t\t\t\t\t\t\t\t\t\t\t\t\t\t<\/a>\n\t\t\t\t\t\t\t<a class=\"e-gallery-item elementor-gallery-item elementor-animated-content\" href=\"https:\/\/damesmagiques.com\/wp-content\/uploads\/2020\/08\/DAMA2014-1.jpg\">\n\t\t\t\t\t<div class=\"e-gallery-image elementor-gallery-item__image\" data-thumbnail=\"https:\/\/damesmagiques.com\/wp-content\/uploads\/2020\/08\/DAMA2014-1.jpg\" data-width=\"495\" data-height=\"700\" aria-label=\"\" role=\"img\" ><\/div>\n\t\t\t\t\t\t\t\t\t\t\t<div class=\"elementor-gallery-item__overlay\"><\/div>\n\t\t\t\t\t\t\t\t\t\t\t\t\t\t<\/a>\n\t\t\t\t\t\t\t<a class=\"e-gallery-item elementor-gallery-item elementor-animated-content\" href=\"https:\/\/damesmagiques.com\/wp-content\/uploads\/2020\/08\/DAMA2012-1.jpg\">\n\t\t\t\t\t<div class=\"e-gallery-image elementor-gallery-item__image\" data-thumbnail=\"https:\/\/damesmagiques.com\/wp-content\/uploads\/2020\/08\/DAMA2012-1.jpg\" data-width=\"333\" data-height=\"700\" aria-label=\"\" role=\"img\" ><\/div>\n\t\t\t\t\t\t\t\t\t\t\t<div class=\"elementor-gallery-item__overlay\"><\/div>\n\t\t\t\t\t\t\t\t\t\t\t\t\t\t<\/a>\n\t\t\t\t\t\t\t<a class=\"e-gallery-item elementor-gallery-item elementor-animated-content\" href=\"https:\/\/damesmagiques.com\/wp-content\/uploads\/2020\/08\/DAMA2011-1.jpg\">\n\t\t\t\t\t<div class=\"e-gallery-image elementor-gallery-item__image\" data-thumbnail=\"https:\/\/damesmagiques.com\/wp-content\/uploads\/2020\/08\/DAMA2011-1.jpg\" data-width=\"495\" data-height=\"700\" aria-label=\"\" role=\"img\" ><\/div>\n\t\t\t\t\t\t\t\t\t\t\t<div class=\"elementor-gallery-item__overlay\"><\/div>\n\t\t\t\t\t\t\t\t\t\t\t\t\t\t<\/a>\n\t\t\t\t\t\t\t<a class=\"e-gallery-item elementor-gallery-item elementor-animated-content\" href=\"https:\/\/damesmagiques.com\/wp-content\/uploads\/2020\/08\/DAMA2010-1.jpg\">\n\t\t\t\t\t<div class=\"e-gallery-image elementor-gallery-item__image\" data-thumbnail=\"https:\/\/damesmagiques.com\/wp-content\/uploads\/2020\/08\/DAMA2010-1.jpg\" data-width=\"466\" data-height=\"700\" aria-label=\"\" role=\"img\" ><\/div>\n\t\t\t\t\t\t\t\t\t\t\t<div class=\"elementor-gallery-item__overlay\"><\/div>\n\t\t\t\t\t\t\t\t\t\t\t\t\t\t<\/a>\n\t\t\t\t\t\t\t<a class=\"e-gallery-item elementor-gallery-item elementor-animated-content\" href=\"https:\/\/damesmagiques.com\/wp-content\/uploads\/2020\/08\/DAMA2009-1.jpg\">\n\t\t\t\t\t<div class=\"e-gallery-image elementor-gallery-item__image\" data-thumbnail=\"https:\/\/damesmagiques.com\/wp-content\/uploads\/2020\/08\/DAMA2009-1.jpg\" data-width=\"467\" data-height=\"700\" aria-label=\"\" role=\"img\" ><\/div>\n\t\t\t\t\t\t\t\t\t\t\t<div class=\"elementor-gallery-item__overlay\"><\/div>\n\t\t\t\t\t\t\t\t\t\t\t\t\t\t<\/a>\n\t\t\t\t\t\t\t<a class=\"e-gallery-item elementor-gallery-item elementor-animated-content\" href=\"https:\/\/damesmagiques.com\/wp-content\/uploads\/2020\/08\/DAMA2008-1.jpg\">\n\t\t\t\t\t<div class=\"e-gallery-image elementor-gallery-item__image\" data-thumbnail=\"https:\/\/damesmagiques.com\/wp-content\/uploads\/2020\/08\/DAMA2008-1.jpg\" data-width=\"417\" data-height=\"700\" aria-label=\"\" role=\"img\" ><\/div>\n\t\t\t\t\t\t\t\t\t\t\t<div class=\"elementor-gallery-item__overlay\"><\/div>\n\t\t\t\t\t\t\t\t\t\t\t\t\t\t<\/a>\n\t\t\t\t\t\t\t<a class=\"e-gallery-item elementor-gallery-item elementor-animated-content\" href=\"https:\/\/damesmagiques.com\/wp-content\/uploads\/2020\/08\/DAMA2007-1.jpg\">\n\t\t\t\t\t<div class=\"e-gallery-image elementor-gallery-item__image\" data-thumbnail=\"https:\/\/damesmagiques.com\/wp-content\/uploads\/2020\/08\/DAMA2007-1.jpg\" data-width=\"495\" data-height=\"700\" aria-label=\"\" role=\"img\" ><\/div>\n\t\t\t\t\t\t\t\t\t\t\t<div class=\"elementor-gallery-item__overlay\"><\/div>\n\t\t\t\t\t\t\t\t\t\t\t\t\t\t<\/a>\n\t\t\t\t\t\t\t<a class=\"e-gallery-item elementor-gallery-item elementor-animated-content\" href=\"https:\/\/damesmagiques.com\/wp-content\/uploads\/2020\/08\/DAMA2006-1.jpg\">\n\t\t\t\t\t<div class=\"e-gallery-image elementor-gallery-item__image\" data-thumbnail=\"https:\/\/damesmagiques.com\/wp-content\/uploads\/2020\/08\/DAMA2006-1.jpg\" data-width=\"500\" data-height=\"700\" aria-label=\"\" role=\"img\" ><\/div>\n\t\t\t\t\t\t\t\t\t\t\t<div class=\"elementor-gallery-item__overlay\"><\/div>\n\t\t\t\t\t\t\t\t\t\t\t\t\t\t<\/a>\n\t\t\t\t\t<\/div>\n\t\t\t<\/div>\n\t\t\t\t<\/div>\n\t\t\t\t\t<\/div>\n\t\t<\/div>\n\t\t\t\t\t<\/div>\n\t\t<\/section>\n\t\t\t\t<section class=\"elementor-section elementor-top-section elementor-element elementor-element-c13debd elementor-section-boxed elementor-section-height-default elementor-section-height-default\" data-id=\"c13debd\" data-element_type=\"section\">\n\t\t\t\t\t\t<div class=\"elementor-container elementor-column-gap-default\">\n\t\t\t\t\t<div class=\"elementor-column elementor-col-100 elementor-top-column elementor-element elementor-element-2ebf836\" data-id=\"2ebf836\" data-element_type=\"column\">\n\t\t\t<div class=\"elementor-widget-wrap\">\n\t\t\t\t\t\t\t<\/div>\n\t\t<\/div>\n\t\t\t\t\t<\/div>\n\t\t<\/section>\n\t\t\t\t<\/div>","protected":false},"excerpt":{"rendered":"<p>DAMA 2009 4\u00ba FESTIVAL INTERNACIONAL DE DAMAS M\u00c1GICAS Por cuarto a\u00f1o consecutivo el Ayuntamiento de Terrassa con su varita m\u00e1gica ha conseguido, que DAMA vuelva a abrir sus puertas \u2026 <\/p>\n<p class=\"read-more-container\"><a title=\"4art FESTIVAL DAMA\" class=\"read-more button\" href=\"http:\/\/damesmagiques.com\/es\/4art-festival-dama\/#more-6852\">seguir leyendo<span class=\"screen-reader-text\">4art FESTIVAL DAMA<\/span><\/a><\/p>","protected":false},"author":1,"featured_media":0,"parent":0,"menu_order":0,"comment_status":"closed","ping_status":"closed","template":"","meta":{"footnotes":""},"_links":{"self":[{"href":"http:\/\/damesmagiques.com\/es\/wp-json\/wp\/v2\/pages\/6852"}],"collection":[{"href":"http:\/\/damesmagiques.com\/es\/wp-json\/wp\/v2\/pages"}],"about":[{"href":"http:\/\/damesmagiques.com\/es\/wp-json\/wp\/v2\/types\/page"}],"author":[{"embeddable":true,"href":"http:\/\/damesmagiques.com\/es\/wp-json\/wp\/v2\/users\/1"}],"replies":[{"embeddable":true,"href":"http:\/\/damesmagiques.com\/es\/wp-json\/wp\/v2\/comments?post=6852"}],"version-history":[{"count":17,"href":"http:\/\/damesmagiques.com\/es\/wp-json\/wp\/v2\/pages\/6852\/revisions"}],"predecessor-version":[{"id":7501,"href":"http:\/\/damesmagiques.com\/es\/wp-json\/wp\/v2\/pages\/6852\/revisions\/7501"}],"wp:attachment":[{"href":"http:\/\/damesmagiques.com\/es\/wp-json\/wp\/v2\/media?parent=6852"}],"curies":[{"name":"wp","href":"https:\/\/api.w.org\/{rel}","templated":true}]}}