{"id":6857,"date":"2023-08-07T17:59:52","date_gmt":"2023-08-07T15:59:52","guid":{"rendered":"http:\/\/damesmagiques.com\/?page_id=6857"},"modified":"2023-08-25T13:04:43","modified_gmt":"2023-08-25T11:04:43","slug":"6e-festival-dama","status":"publish","type":"page","link":"http:\/\/damesmagiques.com\/es\/6e-festival-dama\/","title":{"rendered":"6e FESTIVAL DAMA"},"content":{"rendered":"<div data-elementor-type=\"wp-page\" data-elementor-id=\"6857\" class=\"elementor elementor-6857\" data-elementor-post-type=\"page\">\n\t\t\t\t\t\t<section class=\"elementor-section elementor-top-section elementor-element elementor-element-79a66f0 elementor-section-boxed elementor-section-height-default elementor-section-height-default\" data-id=\"79a66f0\" data-element_type=\"section\">\n\t\t\t\t\t\t<div class=\"elementor-container elementor-column-gap-default\">\n\t\t\t\t\t<div class=\"elementor-column elementor-col-100 elementor-top-column elementor-element elementor-element-3c36c5c\" data-id=\"3c36c5c\" data-element_type=\"column\">\n\t\t\t<div class=\"elementor-widget-wrap elementor-element-populated\">\n\t\t\t\t\t\t<div class=\"elementor-element elementor-element-7eca1c7 elementor-widget elementor-widget-heading\" data-id=\"7eca1c7\" data-element_type=\"widget\" data-widget_type=\"heading.default\">\n\t\t\t\t<div class=\"elementor-widget-container\">\n\t\t\t<h2 class=\"elementor-heading-title elementor-size-default\">DAMA 2011<\/h2>\t\t<\/div>\n\t\t\t\t<\/div>\n\t\t\t\t<div class=\"elementor-element elementor-element-f17a1ee elementor-widget elementor-widget-heading\" data-id=\"f17a1ee\" data-element_type=\"widget\" data-widget_type=\"heading.default\">\n\t\t\t\t<div class=\"elementor-widget-container\">\n\t\t\t<h2 class=\"elementor-heading-title elementor-size-default\">6e FESTIVAL INTERNACIONAL DE DAMAS M\u00c1GICAS<\/h2>\t\t<\/div>\n\t\t\t\t<\/div>\n\t\t\t\t<section class=\"elementor-section elementor-inner-section elementor-element elementor-element-2c9fda1 elementor-section-boxed elementor-section-height-default elementor-section-height-default\" data-id=\"2c9fda1\" data-element_type=\"section\">\n\t\t\t\t\t\t<div class=\"elementor-container elementor-column-gap-default\">\n\t\t\t\t\t<div class=\"elementor-column elementor-col-100 elementor-inner-column elementor-element elementor-element-1e2409c\" data-id=\"1e2409c\" data-element_type=\"column\">\n\t\t\t<div class=\"elementor-widget-wrap elementor-element-populated\">\n\t\t\t\t\t\t<div class=\"elementor-element elementor-element-d81a019 elementor-widget elementor-widget-text-editor\" data-id=\"d81a019\" data-element_type=\"widget\" data-widget_type=\"text-editor.default\">\n\t\t\t\t<div class=\"elementor-widget-container\">\n\t\t\t\t\t\t\t<p style=\"text-align: justify;\">\u00a1Ya tenemos media docena! Con muchas ganas e ilusi\u00f3n este a\u00f1o disfrutaremos de la sexta edici\u00f3n del festival.<\/p>\n<p style=\"text-align: justify;\">Un festival que est\u00e1 lleno de sorpresas, un festival que se alarga y nos lleva m\u00e1s all\u00e1 de los retos que nos marcamos en cada edici\u00f3n. Este a\u00f1o dedicamos el festival a las magas europeas. Llegar\u00e1n por arte de magia damas de Catalu\u00f1a, de Francia, de Alemania, de Bulgaria, de Italia, de Portugal y de Inglaterra, haci\u00e9ndonos part\u00edcipes de su particular visi\u00f3n de la magia en su pa\u00eds. Desde grandes ilusiones, pasando por metalismo, magia de cerca, magia c\u00f3mica y terminando con magia con animales, estas excelentes magas nos trasladar\u00e1n misteriosamente durante una semana por la bella Europa.<\/p>\n<p style=\"text-align: justify;\">En esta edici\u00f3n otorgamos el Premio de Dama M\u00e1gica de Honor a Monika Bell, una gran persona y una excepcional mujer m\u00e1gica que lleva muchos a\u00f1os viviendo y disfrutando de la magia junto a su marido, el mago Alain Denis.<\/p>\n<p style=\"text-align: justify;\">Os doy la bienvenida a este nuevo festival seductoramente lleno de imaginaci\u00f3n.<\/p>\n<p style=\"text-align: right;\"><strong>Teia Moner. Directora art\u00edstica DAMA<\/strong><\/p>\t\t\t\t\t\t<\/div>\n\t\t\t\t<\/div>\n\t\t\t\t\t<\/div>\n\t\t<\/div>\n\t\t\t\t\t<\/div>\n\t\t<\/section>\n\t\t\t\t<div class=\"elementor-element elementor-element-16b5036 elementor-widget-divider--view-line elementor-widget elementor-widget-divider\" data-id=\"16b5036\" data-element_type=\"widget\" data-widget_type=\"divider.default\">\n\t\t\t\t<div class=\"elementor-widget-container\">\n\t\t\t\t\t<div class=\"elementor-divider\">\n\t\t\t<span class=\"elementor-divider-separator\">\n\t\t\t\t\t\t<\/span>\n\t\t<\/div>\n\t\t\t\t<\/div>\n\t\t\t\t<\/div>\n\t\t\t\t<section class=\"elementor-section elementor-inner-section elementor-element elementor-element-9a2cd39 elementor-section-boxed elementor-section-height-default elementor-section-height-default\" data-id=\"9a2cd39\" data-element_type=\"section\">\n\t\t\t\t\t\t<div class=\"elementor-container elementor-column-gap-default\">\n\t\t\t\t\t<div class=\"elementor-column elementor-col-50 elementor-inner-column elementor-element elementor-element-b7bbe6a\" data-id=\"b7bbe6a\" data-element_type=\"column\">\n\t\t\t<div class=\"elementor-widget-wrap elementor-element-populated\">\n\t\t\t\t\t\t<div class=\"elementor-element elementor-element-7a41946 elementor-widget elementor-widget-text-editor\" data-id=\"7a41946\" data-element_type=\"widget\" data-widget_type=\"text-editor.default\">\n\t\t\t\t<div class=\"elementor-widget-container\">\n\t\t\t\t\t\t\t<h4 style=\"text-align: justify;\"><b>PROGRAMA<\/b><\/h4><p style=\"text-align: justify;\"><b>2 Julio<\/b><\/p><p style=\"text-align: justify;\">19 h Parque Vallparad\u00eds<\/p><ul><li>Mag\u00eda de cerca Anna Montserrat (Catalu\u00f1a)<\/li><li>Talleres de Magia GAAC<\/li><\/ul><p style=\"text-align: justify;\"><span style=\"font-weight: bold;\">3 Julio<\/span><\/p><p style=\"text-align: justify;\">18 h Parque Vallparad\u00eds<\/p><p style=\"display: inline !important;\">\u00a0<\/p><ul><li><p style=\"display: inline !important;\">Silvana (Argentina)<\/p><\/li><li><p style=\"display: inline !important;\">Talleres de Magia GAAC<\/p><\/li><li>Espect\u00e1culo familiar &quot;Chefs&quot;. Teia Moner (Catalu\u00f1a)<\/li><\/ul><div><p style=\"text-align: justify;\"><span style=\"font-weight: bold;\">4 Julio<\/span><\/p><p style=\"text-align: justify;\">19 h Parque Vallparad\u00eds<\/p><ul><li>Mag\u00eda de cerca Anna Montserrat (Catalu\u00f1a)<\/li><li>Talleres de Magia GAAC<\/li><\/ul><p style=\"text-align: justify;\"><span style=\"font-weight: bold;\">5 Julio<\/span><\/p><p style=\"text-align: justify;\">19 h Pla\u00e7a Vella<\/p><ul><li>Mag\u00eda de cerca Judith Fuster (Catalu\u00f1a)<\/li><li>Gloria Roig (Catalu\u00f1a)<\/li><li>May Closa (Catalu\u00f1a)<\/li><li>Talleres de Magia GAAC<\/li><\/ul><p>20 h.\u00a0 \u00a0 \u00a0<span style=\"text-align: justify;\">Plaza Vieja<\/span><\/p><p>Gala Exterior<\/p><ul><li>Presenta Akira (Catalu\u00f1a)<\/li><li>Anna Montserrat (Catalu\u00f1a)<\/li><li>Silvana (Catalu\u00f1a)<\/li><li>La Dama Inquieta (Catalu\u00f1a)<\/li><\/ul><p style=\"text-align: justify;\"><span style=\"font-weight: bold;\">8 Julio<\/span><\/p><p style=\"text-align: justify;\">22h Sociedad Coral Los Amigos<\/p><ul><li>Presentaci\u00f3n del libro Magos y magia en Catalu\u00f1a a cargo de Alain Denis<\/li><\/ul><p>24 h.\u00a0\u00a0<span style=\"text-align: justify;\">Sociedad Coral Los Amigos<\/span><\/p><ul><li>Presenta Antoni Casas (Catalu\u00f1a)<\/li><li>Artistas invitados<\/li><\/ul><p>18 h. Teatro Alegr\u00eda<\/p><ul><li>Espect\u00e1culo: Dejado ilusionar a La Dama Inquieta (Catalu\u00f1a)<\/li><\/ul><p><b>9 Julio<\/b><\/p><p>12h. Teatro Principal<\/p><ul><li>Conferencia-taller de magia Yogane y Solveil (Francia)<\/li><\/ul><p>21 h. Teatro Principal<\/p><p>Gala M\u00e1gica<\/p><ul><li>Presenta Mag Lari (Catalu\u00f1a)<\/li><li>Dama M\u00e1gica de Honor Monika Bell<\/li><li>Marina Cano (Catalu\u00f1a)<\/li><li>Eleonora di Coco (Italia )\u00a0 \u00a0\u00a0\u00a0\u00a0<\/li><li>Solange Kardinaly (Portugal)<\/li><li>Valerie (Francia)<\/li><li>Amila (Alemania)<\/li><li>Ellas Duo (Francia)<\/li><li>Romany (Inglaterra)<\/li><li>Tsevetana (Bulgaria)<\/li><\/ul><\/div>\t\t\t\t\t\t<\/div>\n\t\t\t\t<\/div>\n\t\t\t\t\t<\/div>\n\t\t<\/div>\n\t\t\t\t<div class=\"elementor-column elementor-col-50 elementor-inner-column elementor-element elementor-element-cae69b0\" data-id=\"cae69b0\" data-element_type=\"column\">\n\t\t\t<div class=\"elementor-widget-wrap elementor-element-populated\">\n\t\t\t\t\t\t<div class=\"elementor-element elementor-element-fe5d4d1 elementor-widget elementor-widget-image\" data-id=\"fe5d4d1\" data-element_type=\"widget\" data-widget_type=\"image.default\">\n\t\t\t\t<div class=\"elementor-widget-container\">\n\t\t\t\t\t\t\t\t\t\t\t\t\t<img fetchpriority=\"high\" decoding=\"async\" width=\"768\" height=\"1086\" src=\"https:\/\/damesmagiques.com\/wp-content\/uploads\/2023\/08\/posterDAMA2011-768x1086.jpg\" class=\"attachment-medium_large size-medium_large wp-image-6935\" alt=\"Poster Festival DAMA 2011\" srcset=\"https:\/\/damesmagiques.com\/wp-content\/uploads\/2023\/08\/posterDAMA2011-768x1086.jpg 768w, https:\/\/damesmagiques.com\/wp-content\/uploads\/2023\/08\/posterDAMA2011-212x300.jpg 212w, https:\/\/damesmagiques.com\/wp-content\/uploads\/2023\/08\/posterDAMA2011-724x1024.jpg 724w, https:\/\/damesmagiques.com\/wp-content\/uploads\/2023\/08\/posterDAMA2011-8x12.jpg 8w, https:\/\/damesmagiques.com\/wp-content\/uploads\/2023\/08\/posterDAMA2011.jpg 1061w\" sizes=\"(max-width: 768px) 100vw, 768px\" \/>\t\t\t\t\t\t\t\t\t\t\t\t\t<\/div>\n\t\t\t\t<\/div>\n\t\t\t\t\t<\/div>\n\t\t<\/div>\n\t\t\t\t\t<\/div>\n\t\t<\/section>\n\t\t\t\t\t<\/div>\n\t\t<\/div>\n\t\t\t\t\t<\/div>\n\t\t<\/section>\n\t\t\t\t<section class=\"elementor-section elementor-top-section elementor-element elementor-element-858cde7 elementor-section-boxed elementor-section-height-default elementor-section-height-default\" data-id=\"858cde7\" data-element_type=\"section\">\n\t\t\t\t\t\t<div class=\"elementor-container elementor-column-gap-default\">\n\t\t\t\t\t<div class=\"elementor-column elementor-col-100 elementor-top-column elementor-element elementor-element-40a6bdc\" data-id=\"40a6bdc\" data-element_type=\"column\">\n\t\t\t<div class=\"elementor-widget-wrap elementor-element-populated\">\n\t\t\t\t\t\t<div class=\"elementor-element elementor-element-2f9a95c elementor-widget elementor-widget-text-editor\" data-id=\"2f9a95c\" data-element_type=\"widget\" data-widget_type=\"text-editor.default\">\n\t\t\t\t<div class=\"elementor-widget-container\">\n\t\t\t\t\t\t\t<p><span style=\"color: #545454; font-family: Lato, sans-serif; font-size: 20px; font-weight: inherit; letter-spacing: 1.5px;\">PATROCINA<\/span><\/p><p>Organiza: Ayuntamiento de Terrassa<\/p><p>Con la ayuda de: Departamento de Cultura de la Generalidad de Catalu\u00f1a y Diputaci\u00f3n de Barcelona Red de Municipios y Terrassa Capital<\/p><p>Colaboran: La Red de Terrassa, Sociedad Coral Els Amics, Caixa Layetana<\/p><p>Direcci\u00f3n: Teia Moner<\/p><p>Producci\u00f3n: Gaac<\/p>\t\t\t\t\t\t<\/div>\n\t\t\t\t<\/div>\n\t\t\t\t<div class=\"elementor-element elementor-element-cb519e9 elementor-widget-divider--view-line elementor-widget elementor-widget-divider\" data-id=\"cb519e9\" data-element_type=\"widget\" data-widget_type=\"divider.default\">\n\t\t\t\t<div class=\"elementor-widget-container\">\n\t\t\t\t\t<div class=\"elementor-divider\">\n\t\t\t<span class=\"elementor-divider-separator\">\n\t\t\t\t\t\t<\/span>\n\t\t<\/div>\n\t\t\t\t<\/div>\n\t\t\t\t<\/div>\n\t\t\t\t\t<\/div>\n\t\t<\/div>\n\t\t\t\t\t<\/div>\n\t\t<\/section>\n\t\t\t\t<section class=\"elementor-section elementor-top-section elementor-element elementor-element-dca180c elementor-section-boxed elementor-section-height-default elementor-section-height-default\" data-id=\"dca180c\" data-element_type=\"section\">\n\t\t\t\t\t\t<div class=\"elementor-container elementor-column-gap-default\">\n\t\t\t\t\t<div class=\"elementor-column elementor-col-100 elementor-top-column elementor-element elementor-element-3056471\" data-id=\"3056471\" data-element_type=\"column\">\n\t\t\t<div class=\"elementor-widget-wrap elementor-element-populated\">\n\t\t\t\t\t\t<div class=\"elementor-element elementor-element-39e2bfa elementor-widget elementor-widget-gallery\" data-id=\"39e2bfa\" data-element_type=\"widget\" data-settings=\"{&quot;gallery_layout&quot;:&quot;justified&quot;,&quot;gap&quot;:{&quot;unit&quot;:&quot;px&quot;,&quot;size&quot;:0,&quot;sizes&quot;:[]},&quot;lazyload&quot;:&quot;yes&quot;,&quot;ideal_row_height&quot;:{&quot;unit&quot;:&quot;px&quot;,&quot;size&quot;:200,&quot;sizes&quot;:[]},&quot;ideal_row_height_tablet&quot;:{&quot;unit&quot;:&quot;px&quot;,&quot;size&quot;:150,&quot;sizes&quot;:[]},&quot;ideal_row_height_mobile&quot;:{&quot;unit&quot;:&quot;px&quot;,&quot;size&quot;:150,&quot;sizes&quot;:[]},&quot;gap_tablet&quot;:{&quot;unit&quot;:&quot;px&quot;,&quot;size&quot;:10,&quot;sizes&quot;:[]},&quot;gap_mobile&quot;:{&quot;unit&quot;:&quot;px&quot;,&quot;size&quot;:10,&quot;sizes&quot;:[]},&quot;link_to&quot;:&quot;file&quot;,&quot;overlay_background&quot;:&quot;yes&quot;,&quot;content_hover_animation&quot;:&quot;fade-in&quot;}\" data-widget_type=\"gallery.default\">\n\t\t\t\t<div class=\"elementor-widget-container\">\n\t\t\t\t\t<div class=\"elementor-gallery__container\">\n\t\t\t\t\t\t\t<a class=\"e-gallery-item elementor-gallery-item elementor-animated-content\" href=\"https:\/\/damesmagiques.com\/wp-content\/uploads\/2020\/08\/DAMA2019-1.jpg\">\n\t\t\t\t\t<div class=\"e-gallery-image elementor-gallery-item__image\" data-thumbnail=\"https:\/\/damesmagiques.com\/wp-content\/uploads\/2020\/08\/DAMA2019-1.jpg\" data-width=\"494\" data-height=\"700\" aria-label=\"\" role=\"img\" ><\/div>\n\t\t\t\t\t\t\t\t\t\t\t<div class=\"elementor-gallery-item__overlay\"><\/div>\n\t\t\t\t\t\t\t\t\t\t\t\t\t\t<\/a>\n\t\t\t\t\t\t\t<a class=\"e-gallery-item elementor-gallery-item elementor-animated-content\" href=\"https:\/\/damesmagiques.com\/wp-content\/uploads\/2020\/08\/DAMA2014-1.jpg\">\n\t\t\t\t\t<div class=\"e-gallery-image elementor-gallery-item__image\" data-thumbnail=\"https:\/\/damesmagiques.com\/wp-content\/uploads\/2020\/08\/DAMA2014-1.jpg\" data-width=\"495\" data-height=\"700\" aria-label=\"\" role=\"img\" ><\/div>\n\t\t\t\t\t\t\t\t\t\t\t<div class=\"elementor-gallery-item__overlay\"><\/div>\n\t\t\t\t\t\t\t\t\t\t\t\t\t\t<\/a>\n\t\t\t\t\t\t\t<a class=\"e-gallery-item elementor-gallery-item elementor-animated-content\" href=\"https:\/\/damesmagiques.com\/wp-content\/uploads\/2020\/08\/DAMA2012-1.jpg\">\n\t\t\t\t\t<div class=\"e-gallery-image elementor-gallery-item__image\" data-thumbnail=\"https:\/\/damesmagiques.com\/wp-content\/uploads\/2020\/08\/DAMA2012-1.jpg\" data-width=\"333\" data-height=\"700\" aria-label=\"\" role=\"img\" ><\/div>\n\t\t\t\t\t\t\t\t\t\t\t<div class=\"elementor-gallery-item__overlay\"><\/div>\n\t\t\t\t\t\t\t\t\t\t\t\t\t\t<\/a>\n\t\t\t\t\t\t\t<a class=\"e-gallery-item elementor-gallery-item elementor-animated-content\" href=\"https:\/\/damesmagiques.com\/wp-content\/uploads\/2020\/08\/DAMA2011-1.jpg\">\n\t\t\t\t\t<div class=\"e-gallery-image elementor-gallery-item__image\" data-thumbnail=\"https:\/\/damesmagiques.com\/wp-content\/uploads\/2020\/08\/DAMA2011-1.jpg\" data-width=\"495\" data-height=\"700\" aria-label=\"\" role=\"img\" ><\/div>\n\t\t\t\t\t\t\t\t\t\t\t<div class=\"elementor-gallery-item__overlay\"><\/div>\n\t\t\t\t\t\t\t\t\t\t\t\t\t\t<\/a>\n\t\t\t\t\t\t\t<a class=\"e-gallery-item elementor-gallery-item elementor-animated-content\" href=\"https:\/\/damesmagiques.com\/wp-content\/uploads\/2020\/08\/DAMA2010-1.jpg\">\n\t\t\t\t\t<div class=\"e-gallery-image elementor-gallery-item__image\" data-thumbnail=\"https:\/\/damesmagiques.com\/wp-content\/uploads\/2020\/08\/DAMA2010-1.jpg\" data-width=\"466\" data-height=\"700\" aria-label=\"\" role=\"img\" ><\/div>\n\t\t\t\t\t\t\t\t\t\t\t<div class=\"elementor-gallery-item__overlay\"><\/div>\n\t\t\t\t\t\t\t\t\t\t\t\t\t\t<\/a>\n\t\t\t\t\t\t\t<a class=\"e-gallery-item elementor-gallery-item elementor-animated-content\" href=\"https:\/\/damesmagiques.com\/wp-content\/uploads\/2020\/08\/DAMA2009-1.jpg\">\n\t\t\t\t\t<div class=\"e-gallery-image elementor-gallery-item__image\" data-thumbnail=\"https:\/\/damesmagiques.com\/wp-content\/uploads\/2020\/08\/DAMA2009-1.jpg\" data-width=\"467\" data-height=\"700\" aria-label=\"\" role=\"img\" ><\/div>\n\t\t\t\t\t\t\t\t\t\t\t<div class=\"elementor-gallery-item__overlay\"><\/div>\n\t\t\t\t\t\t\t\t\t\t\t\t\t\t<\/a>\n\t\t\t\t\t\t\t<a class=\"e-gallery-item elementor-gallery-item elementor-animated-content\" href=\"https:\/\/damesmagiques.com\/wp-content\/uploads\/2020\/08\/DAMA2008-1.jpg\">\n\t\t\t\t\t<div class=\"e-gallery-image elementor-gallery-item__image\" data-thumbnail=\"https:\/\/damesmagiques.com\/wp-content\/uploads\/2020\/08\/DAMA2008-1.jpg\" data-width=\"417\" data-height=\"700\" aria-label=\"\" role=\"img\" ><\/div>\n\t\t\t\t\t\t\t\t\t\t\t<div class=\"elementor-gallery-item__overlay\"><\/div>\n\t\t\t\t\t\t\t\t\t\t\t\t\t\t<\/a>\n\t\t\t\t\t\t\t<a class=\"e-gallery-item elementor-gallery-item elementor-animated-content\" href=\"https:\/\/damesmagiques.com\/wp-content\/uploads\/2020\/08\/DAMA2007-1.jpg\">\n\t\t\t\t\t<div class=\"e-gallery-image elementor-gallery-item__image\" data-thumbnail=\"https:\/\/damesmagiques.com\/wp-content\/uploads\/2020\/08\/DAMA2007-1.jpg\" data-width=\"495\" data-height=\"700\" aria-label=\"\" role=\"img\" ><\/div>\n\t\t\t\t\t\t\t\t\t\t\t<div class=\"elementor-gallery-item__overlay\"><\/div>\n\t\t\t\t\t\t\t\t\t\t\t\t\t\t<\/a>\n\t\t\t\t\t\t\t<a class=\"e-gallery-item elementor-gallery-item elementor-animated-content\" href=\"https:\/\/damesmagiques.com\/wp-content\/uploads\/2020\/08\/DAMA2006-1.jpg\">\n\t\t\t\t\t<div class=\"e-gallery-image elementor-gallery-item__image\" data-thumbnail=\"https:\/\/damesmagiques.com\/wp-content\/uploads\/2020\/08\/DAMA2006-1.jpg\" data-width=\"500\" data-height=\"700\" aria-label=\"\" role=\"img\" ><\/div>\n\t\t\t\t\t\t\t\t\t\t\t<div class=\"elementor-gallery-item__overlay\"><\/div>\n\t\t\t\t\t\t\t\t\t\t\t\t\t\t<\/a>\n\t\t\t\t\t<\/div>\n\t\t\t<\/div>\n\t\t\t\t<\/div>\n\t\t\t\t\t<\/div>\n\t\t<\/div>\n\t\t\t\t\t<\/div>\n\t\t<\/section>\n\t\t\t\t<section class=\"elementor-section elementor-top-section elementor-element elementor-element-8664ae8 elementor-section-boxed elementor-section-height-default elementor-section-height-default\" data-id=\"8664ae8\" data-element_type=\"section\">\n\t\t\t\t\t\t<div class=\"elementor-container elementor-column-gap-default\">\n\t\t\t\t\t<div class=\"elementor-column elementor-col-100 elementor-top-column elementor-element elementor-element-0464e19\" data-id=\"0464e19\" data-element_type=\"column\">\n\t\t\t<div class=\"elementor-widget-wrap\">\n\t\t\t\t\t\t\t<\/div>\n\t\t<\/div>\n\t\t\t\t\t<\/div>\n\t\t<\/section>\n\t\t\t\t<\/div>","protected":false},"excerpt":{"rendered":"<p>DAMA 2011 6e FESTIVAL INTERNACIONAL DE DAMAS M\u00c1GICAS \u00a1Ya tenemos media docena! Con muchas ganas e ilusi\u00f3n este a\u00f1o disfrutaremos de la sexta edici\u00f3n del festival. Un festival que est\u00e1 \u2026 <\/p>\n<p class=\"read-more-container\"><a title=\"6e FESTIVAL DAMA\" class=\"read-more button\" href=\"http:\/\/damesmagiques.com\/es\/6e-festival-dama\/#more-6857\">seguir leyendo<span class=\"screen-reader-text\">6e FESTIVAL DAMA<\/span><\/a><\/p>","protected":false},"author":1,"featured_media":0,"parent":0,"menu_order":0,"comment_status":"closed","ping_status":"closed","template":"","meta":{"footnotes":""},"_links":{"self":[{"href":"http:\/\/damesmagiques.com\/es\/wp-json\/wp\/v2\/pages\/6857"}],"collection":[{"href":"http:\/\/damesmagiques.com\/es\/wp-json\/wp\/v2\/pages"}],"about":[{"href":"http:\/\/damesmagiques.com\/es\/wp-json\/wp\/v2\/types\/page"}],"author":[{"embeddable":true,"href":"http:\/\/damesmagiques.com\/es\/wp-json\/wp\/v2\/users\/1"}],"replies":[{"embeddable":true,"href":"http:\/\/damesmagiques.com\/es\/wp-json\/wp\/v2\/comments?post=6857"}],"version-history":[{"count":11,"href":"http:\/\/damesmagiques.com\/es\/wp-json\/wp\/v2\/pages\/6857\/revisions"}],"predecessor-version":[{"id":7503,"href":"http:\/\/damesmagiques.com\/es\/wp-json\/wp\/v2\/pages\/6857\/revisions\/7503"}],"wp:attachment":[{"href":"http:\/\/damesmagiques.com\/es\/wp-json\/wp\/v2\/media?parent=6857"}],"curies":[{"name":"wp","href":"https:\/\/api.w.org\/{rel}","templated":true}]}}