{"id":2472,"date":"2020-07-17T10:24:59","date_gmt":"2020-07-17T10:24:59","guid":{"rendered":"http:\/\/localhost\/wordpress\/?page_id=2472"},"modified":"2023-09-14T13:28:29","modified_gmt":"2023-09-14T11:28:29","slug":"espectacles","status":"publish","type":"page","link":"https:\/\/damesmagiques.com\/es\/espectacles\/","title":{"rendered":"EDICIONES ANTERIORES"},"content":{"rendered":"<div data-elementor-type=\"wp-page\" data-elementor-id=\"2472\" class=\"elementor elementor-2472\" data-elementor-post-type=\"page\">\n\t\t\t\t\t\t<section class=\"elementor-section elementor-top-section elementor-element elementor-element-9fc711f elementor-section-content-middle elementor-section-boxed elementor-section-height-default elementor-section-height-default\" data-id=\"9fc711f\" data-element_type=\"section\">\n\t\t\t\t\t\t<div class=\"elementor-container elementor-column-gap-no\">\n\t\t\t\t\t<div class=\"elementor-column elementor-col-100 elementor-top-column elementor-element elementor-element-e20366f\" data-id=\"e20366f\" data-element_type=\"column\">\n\t\t\t<div class=\"elementor-widget-wrap elementor-element-populated\">\n\t\t\t\t\t\t<div class=\"elementor-element elementor-element-1d8fc0c elementor-widget elementor-widget-heading\" data-id=\"1d8fc0c\" data-element_type=\"widget\" data-widget_type=\"heading.default\">\n\t\t\t\t<div class=\"elementor-widget-container\">\n\t\t\t<h3 class=\"elementor-heading-title elementor-size-default\">Las anteriores ediciones del Festival<\/h3>\t\t<\/div>\n\t\t\t\t<\/div>\n\t\t\t\t<div class=\"elementor-element elementor-element-50f5275 elementor-widget elementor-widget-heading\" data-id=\"50f5275\" data-element_type=\"widget\" data-widget_type=\"heading.default\">\n\t\t\t\t<div class=\"elementor-widget-container\">\n\t\t\t<h4 class=\"elementor-heading-title elementor-size-default\">DAMA<\/h4>\t\t<\/div>\n\t\t\t\t<\/div>\n\t\t\t\t<section class=\"elementor-section elementor-inner-section elementor-element elementor-element-9ac09fa elementor-section-content-top elementor-section-boxed elementor-section-height-default elementor-section-height-default\" data-id=\"9ac09fa\" data-element_type=\"section\">\n\t\t\t\t\t\t<div class=\"elementor-container elementor-column-gap-no\">\n\t\t\t\t\t<div class=\"elementor-column elementor-col-33 elementor-inner-column elementor-element elementor-element-eb1160d\" data-id=\"eb1160d\" data-element_type=\"column\">\n\t\t\t<div class=\"elementor-widget-wrap elementor-element-populated\">\n\t\t\t\t\t\t<div class=\"elementor-element elementor-element-dd25727 elementor-invisible elementor-widget elementor-widget-image\" data-id=\"dd25727\" data-element_type=\"widget\" data-settings=\"{&quot;_animation&quot;:&quot;fadeInUp&quot;,&quot;_animation_delay&quot;:0}\" data-widget_type=\"image.default\">\n\t\t\t\t<div class=\"elementor-widget-container\">\n\t\t\t\t\t\t\t\t\t\t\t\t\t\t<a href=\"http:\/\/damesmagiques.com\/es\/blog\/9e-festival-dama\/\">\n\t\t\t\t\t\t\t<img decoding=\"async\" src=\"https:\/\/damesmagiques.com\/wp-content\/uploads\/elementor\/thumbs\/posterDAMA2019-qalpd8c07a1xj62ssq4owurtis7dkrml3wpmc2ohds.jpeg\" title=\"posterDAMA2019\" alt=\"Poster Festival DAMA 2019\" class=\"elementor-animation-shrink\" loading=\"lazy\" \/>\t\t\t\t\t\t\t\t<\/a>\n\t\t\t\t\t\t\t\t\t\t\t\t\t<\/div>\n\t\t\t\t<\/div>\n\t\t\t\t<div class=\"elementor-element elementor-element-424d34e elementor-widget elementor-widget-heading\" data-id=\"424d34e\" data-element_type=\"widget\" data-widget_type=\"heading.default\">\n\t\t\t\t<div class=\"elementor-widget-container\">\n\t\t\t<h4 class=\"elementor-heading-title elementor-size-default\"><span style=\"font-family: var( --e-global-typography-primary-font-family ), Sans-serif;\">9e Festival internacional de Damas M\u00e1gicas<\/span><\/h4>\t\t<\/div>\n\t\t\t\t<\/div>\n\t\t\t\t<div class=\"elementor-element elementor-element-817eac3 elementor-widget elementor-widget-text-editor\" data-id=\"817eac3\" data-element_type=\"widget\" data-widget_type=\"text-editor.default\">\n\t\t\t\t<div class=\"elementor-widget-container\">\n\t\t\t\t\t\t\t<p class=\"gb-headline gb-headline-78a102bf\"><strong>Premi\u00e1 de Arriba<\/strong><\/p><p>Como la tradici\u00f3n de los espect\u00e1culos de magia evidenciaba que la mayor\u00eda de protagonistas de estas obras eran hombres, en 2006, decid\u00ed emprender un festival de mujeres que hicieran magia.<\/p>\t\t\t\t\t\t<\/div>\n\t\t\t\t<\/div>\n\t\t\t\t\t<\/div>\n\t\t<\/div>\n\t\t\t\t<div class=\"elementor-column elementor-col-33 elementor-inner-column elementor-element elementor-element-71f4dd7\" data-id=\"71f4dd7\" data-element_type=\"column\">\n\t\t\t<div class=\"elementor-widget-wrap elementor-element-populated\">\n\t\t\t\t\t\t<div class=\"elementor-element elementor-element-500ba57 elementor-invisible elementor-widget elementor-widget-image\" data-id=\"500ba57\" data-element_type=\"widget\" data-settings=\"{&quot;_animation&quot;:&quot;fadeInUp&quot;,&quot;_animation_delay&quot;:0}\" data-widget_type=\"image.default\">\n\t\t\t\t<div class=\"elementor-widget-container\">\n\t\t\t\t\t\t\t\t\t\t\t\t\t\t<a href=\"http:\/\/damesmagiques.com\/es\/blog\/8e-festival-dama\/\">\n\t\t\t\t\t\t\t<img decoding=\"async\" src=\"https:\/\/damesmagiques.com\/wp-content\/uploads\/elementor\/thumbs\/posterDAMA2013-qalpbgezajmflonn5yi27awh4kyf1cku74clp9b94w.jpg\" title=\"posterDAMA2013\" alt=\"Poster Festival DAMA 2013\" class=\"elementor-animation-shrink\" loading=\"lazy\" \/>\t\t\t\t\t\t\t\t<\/a>\n\t\t\t\t\t\t\t\t\t\t\t\t\t<\/div>\n\t\t\t\t<\/div>\n\t\t\t\t<div class=\"elementor-element elementor-element-0390344 elementor-widget elementor-widget-heading\" data-id=\"0390344\" data-element_type=\"widget\" data-widget_type=\"heading.default\">\n\t\t\t\t<div class=\"elementor-widget-container\">\n\t\t\t<h4 class=\"elementor-heading-title elementor-size-default\"><span style=\"font-family: var( --e-global-typography-primary-font-family ), Sans-serif;\">8e Festival internacional de Damas M\u00e1gicas<\/span><\/h4>\t\t<\/div>\n\t\t\t\t<\/div>\n\t\t\t\t<div class=\"elementor-element elementor-element-656eebd elementor-widget elementor-widget-text-editor\" data-id=\"656eebd\" data-element_type=\"widget\" data-widget_type=\"text-editor.default\">\n\t\t\t\t<div class=\"elementor-widget-container\">\n\t\t\t\t\t\t\t<p class=\"gb-headline gb-headline-78a102bf\"><strong>Terraza<\/strong><\/p><p>Es necesario un espacio en el que las mujeres m\u00e1gicas de todo el mundo podamos mostrar nuestro arte a la profesi\u00f3n ya un p\u00fablico que desconoce nuestra existencia.\u00a0<\/p>\t\t\t\t\t\t<\/div>\n\t\t\t\t<\/div>\n\t\t\t\t\t<\/div>\n\t\t<\/div>\n\t\t\t\t<div class=\"elementor-column elementor-col-33 elementor-inner-column elementor-element elementor-element-5042e48\" data-id=\"5042e48\" data-element_type=\"column\">\n\t\t\t<div class=\"elementor-widget-wrap elementor-element-populated\">\n\t\t\t\t\t\t<div class=\"elementor-element elementor-element-da25cb8 elementor-invisible elementor-widget elementor-widget-image\" data-id=\"da25cb8\" data-element_type=\"widget\" data-settings=\"{&quot;_animation&quot;:&quot;fadeInUp&quot;,&quot;_animation_delay&quot;:0}\" data-widget_type=\"image.default\">\n\t\t\t\t<div class=\"elementor-widget-container\">\n\t\t\t\t\t\t\t\t\t\t\t\t\t\t<a href=\"http:\/\/damesmagiques.com\/es\/blog\/7e-festival-dama\/\">\n\t\t\t\t\t\t\t<img decoding=\"async\" src=\"https:\/\/damesmagiques.com\/wp-content\/uploads\/elementor\/thumbs\/posterDAMA2012-qalpa3jdf5ritymn3ddgln8i8jnbx36soefcqvbq4g.jpg\" title=\"posterDAMA2012\" alt=\"Poster Festival Dama 2012\" class=\"elementor-animation-shrink\" loading=\"lazy\" \/>\t\t\t\t\t\t\t\t<\/a>\n\t\t\t\t\t\t\t\t\t\t\t\t\t<\/div>\n\t\t\t\t<\/div>\n\t\t\t\t<div class=\"elementor-element elementor-element-b1ffac7 elementor-widget elementor-widget-heading\" data-id=\"b1ffac7\" data-element_type=\"widget\" data-widget_type=\"heading.default\">\n\t\t\t\t<div class=\"elementor-widget-container\">\n\t\t\t<h4 class=\"elementor-heading-title elementor-size-default\"><span style=\"font-family: var( --e-global-typography-primary-font-family ), Sans-serif;\">7e Festival internacional de Damas M\u00e1gicas<\/span><\/h4>\t\t<\/div>\n\t\t\t\t<\/div>\n\t\t\t\t<div class=\"elementor-element elementor-element-ba8a8fa elementor-widget elementor-widget-text-editor\" data-id=\"ba8a8fa\" data-element_type=\"widget\" data-widget_type=\"text-editor.default\">\n\t\t\t\t<div class=\"elementor-widget-container\">\n\t\t\t\t\t\t\t<p class=\"gb-headline gb-headline-78a102bf\"><strong>Terraza<\/strong><\/p><p>El set es un n\u00famero que desde la antig\u00fcedad est\u00e1 rodeado de magia y misterio. Est\u00e1 asociado con la buena suerte, la victoria y el \u00e9xito. En esta s\u00e9ptima edici\u00f3n podremos disfrutar de los beneficios del set.<\/p>\t\t\t\t\t\t<\/div>\n\t\t\t\t<\/div>\n\t\t\t\t\t<\/div>\n\t\t<\/div>\n\t\t\t\t\t<\/div>\n\t\t<\/section>\n\t\t\t\t<section class=\"elementor-section elementor-inner-section elementor-element elementor-element-7d8e099 elementor-section-content-top elementor-section-boxed elementor-section-height-default elementor-section-height-default\" data-id=\"7d8e099\" data-element_type=\"section\">\n\t\t\t\t\t\t<div class=\"elementor-container elementor-column-gap-no\">\n\t\t\t\t\t<div class=\"elementor-column elementor-col-33 elementor-inner-column elementor-element elementor-element-c90dfba\" data-id=\"c90dfba\" data-element_type=\"column\">\n\t\t\t<div class=\"elementor-widget-wrap elementor-element-populated\">\n\t\t\t\t\t\t<div class=\"elementor-element elementor-element-69a3148 elementor-invisible elementor-widget elementor-widget-image\" data-id=\"69a3148\" data-element_type=\"widget\" data-settings=\"{&quot;_animation&quot;:&quot;fadeInUp&quot;,&quot;_animation_delay&quot;:0}\" data-widget_type=\"image.default\">\n\t\t\t\t<div class=\"elementor-widget-container\">\n\t\t\t\t\t\t\t\t\t\t\t\t\t\t<a href=\"http:\/\/damesmagiques.com\/es\/blog\/6e-festival-dama\/\">\n\t\t\t\t\t\t\t<img decoding=\"async\" src=\"https:\/\/damesmagiques.com\/wp-content\/uploads\/elementor\/thumbs\/posterDAMA2011-qalp6zoktviegd548j0uuxgnjoynh3uql0skmxxkow.jpg\" title=\"posterDAMA2011\" alt=\"Poster Festival DAMA 2011\" class=\"elementor-animation-shrink\" loading=\"lazy\" \/>\t\t\t\t\t\t\t\t<\/a>\n\t\t\t\t\t\t\t\t\t\t\t\t\t<\/div>\n\t\t\t\t<\/div>\n\t\t\t\t<div class=\"elementor-element elementor-element-48a1afd elementor-widget elementor-widget-heading\" data-id=\"48a1afd\" data-element_type=\"widget\" data-widget_type=\"heading.default\">\n\t\t\t\t<div class=\"elementor-widget-container\">\n\t\t\t<h4 class=\"elementor-heading-title elementor-size-default\"><span style=\"font-family: var( --e-global-typography-primary-font-family ), Sans-serif;\">6e Festival internacional de Damas M\u00e1gicas<\/span><\/h4>\t\t<\/div>\n\t\t\t\t<\/div>\n\t\t\t\t<div class=\"elementor-element elementor-element-2c27c21 elementor-widget elementor-widget-text-editor\" data-id=\"2c27c21\" data-element_type=\"widget\" data-widget_type=\"text-editor.default\">\n\t\t\t\t<div class=\"elementor-widget-container\">\n\t\t\t\t\t\t\t<p class=\"gb-headline gb-headline-98400100\"><strong>Terraza<\/strong><\/p><p>Un festival que se alarga y nos lleva m\u00e1s all\u00e1 de los retos que nos marcamos en cada edici\u00f3n. Este a\u00f1o dedicamos el festival a las magas europeas.<\/p>\t\t\t\t\t\t<\/div>\n\t\t\t\t<\/div>\n\t\t\t\t\t<\/div>\n\t\t<\/div>\n\t\t\t\t<div class=\"elementor-column elementor-col-33 elementor-inner-column elementor-element elementor-element-b1a8dc1\" data-id=\"b1a8dc1\" data-element_type=\"column\">\n\t\t\t<div class=\"elementor-widget-wrap elementor-element-populated\">\n\t\t\t\t\t\t<div class=\"elementor-element elementor-element-f982586 elementor-invisible elementor-widget elementor-widget-image\" data-id=\"f982586\" data-element_type=\"widget\" data-settings=\"{&quot;_animation&quot;:&quot;fadeInUp&quot;,&quot;_animation_delay&quot;:0}\" data-widget_type=\"image.default\">\n\t\t\t\t<div class=\"elementor-widget-container\">\n\t\t\t\t\t\t\t\t\t\t\t\t\t\t<a href=\"http:\/\/damesmagiques.com\/es\/blog\/5e-festival-dama-2\/\">\n\t\t\t\t\t\t\t<img decoding=\"async\" src=\"https:\/\/damesmagiques.com\/wp-content\/uploads\/elementor\/thumbs\/posterDAMA2010-qalp6ngod11o9fmv7vqpgijntomvp1i87cb9ecfoxs.jpg\" title=\"posterDAMA2010\" alt=\"Postere Festival Dama 2010\" class=\"elementor-animation-shrink\" loading=\"lazy\" \/>\t\t\t\t\t\t\t\t<\/a>\n\t\t\t\t\t\t\t\t\t\t\t\t\t<\/div>\n\t\t\t\t<\/div>\n\t\t\t\t<div class=\"elementor-element elementor-element-dc48072 elementor-widget elementor-widget-heading\" data-id=\"dc48072\" data-element_type=\"widget\" data-widget_type=\"heading.default\">\n\t\t\t\t<div class=\"elementor-widget-container\">\n\t\t\t<h4 class=\"elementor-heading-title elementor-size-default\"><span style=\"font-family: var( --e-global-typography-primary-font-family ), Sans-serif;\">5e Festival internacional de Damas M\u00e1gicas<\/span><\/h4>\t\t<\/div>\n\t\t\t\t<\/div>\n\t\t\t\t<div class=\"elementor-element elementor-element-fe76a5b elementor-widget elementor-widget-text-editor\" data-id=\"fe76a5b\" data-element_type=\"widget\" data-widget_type=\"text-editor.default\">\n\t\t\t\t<div class=\"elementor-widget-container\">\n\t\t\t\t\t\t\t<p class=\"gb-headline gb-headline-a2c8b61c\"><strong>Terraza<\/strong><\/p><p>Por fin hemos llegado a la 5a edici\u00f3n, \u00a1un lustro!. Es una buena excusa para purificar, reinventar y mejorar el festival. El equipo humano del festival nos hemos puesto mucho.<\/p>\t\t\t\t\t\t<\/div>\n\t\t\t\t<\/div>\n\t\t\t\t\t<\/div>\n\t\t<\/div>\n\t\t\t\t<div class=\"elementor-column elementor-col-33 elementor-inner-column elementor-element elementor-element-c381232\" data-id=\"c381232\" data-element_type=\"column\">\n\t\t\t<div class=\"elementor-widget-wrap elementor-element-populated\">\n\t\t\t\t\t\t<div class=\"elementor-element elementor-element-cf30e8e elementor-invisible elementor-widget elementor-widget-image\" data-id=\"cf30e8e\" data-element_type=\"widget\" data-settings=\"{&quot;_animation&quot;:&quot;fadeInUp&quot;,&quot;_animation_delay&quot;:0}\" data-widget_type=\"image.default\">\n\t\t\t\t<div class=\"elementor-widget-container\">\n\t\t\t\t\t\t\t\t\t\t\t\t\t\t<a href=\"http:\/\/damesmagiques.com\/es\/blog\/4art-festival-dama\/\">\n\t\t\t\t\t\t\t<img decoding=\"async\" src=\"https:\/\/damesmagiques.com\/wp-content\/uploads\/elementor\/thumbs\/Cartell-dama-2009-qce4vh5t9ibyoaeoc13u6cqvpw9lqvr3lndul92h34.jpg\" title=\"Cartel dama 2009\" alt=\"Poster dama 2009\" class=\"elementor-animation-shrink\" loading=\"lazy\" \/>\t\t\t\t\t\t\t\t<\/a>\n\t\t\t\t\t\t\t\t\t\t\t\t\t<\/div>\n\t\t\t\t<\/div>\n\t\t\t\t<div class=\"elementor-element elementor-element-d1439ce elementor-widget elementor-widget-heading\" data-id=\"d1439ce\" data-element_type=\"widget\" data-widget_type=\"heading.default\">\n\t\t\t\t<div class=\"elementor-widget-container\">\n\t\t\t<h4 class=\"elementor-heading-title elementor-size-default\"><span style=\"font-family: var( --e-global-typography-primary-font-family ), Sans-serif;\">4\u00ba Festival internacional de Damas M\u00e1gicas<\/span><\/h4>\t\t<\/div>\n\t\t\t\t<\/div>\n\t\t\t\t<div class=\"elementor-element elementor-element-4779a7f elementor-widget elementor-widget-text-editor\" data-id=\"4779a7f\" data-element_type=\"widget\" data-widget_type=\"text-editor.default\">\n\t\t\t\t<div class=\"elementor-widget-container\">\n\t\t\t\t\t\t\t<p class=\"gb-headline gb-headline-29cbcc09\"><strong>Terraza<\/strong><\/p><p>Una de las cosas que despierta mayor curiosidad en los medios de comunicaci\u00f3n y en el p\u00fablico en general es la diferencia que existe entre la magia que hacen los hombres y la magia que hacen las mujeres.<\/p>\t\t\t\t\t\t<\/div>\n\t\t\t\t<\/div>\n\t\t\t\t\t<\/div>\n\t\t<\/div>\n\t\t\t\t\t<\/div>\n\t\t<\/section>\n\t\t\t\t<section class=\"elementor-section elementor-inner-section elementor-element elementor-element-bbc1979 elementor-section-content-top elementor-section-boxed elementor-section-height-default elementor-section-height-default\" data-id=\"bbc1979\" data-element_type=\"section\">\n\t\t\t\t\t\t<div class=\"elementor-container elementor-column-gap-no\">\n\t\t\t\t\t<div class=\"elementor-column elementor-col-33 elementor-inner-column elementor-element elementor-element-3abe1b4\" data-id=\"3abe1b4\" data-element_type=\"column\">\n\t\t\t<div class=\"elementor-widget-wrap elementor-element-populated\">\n\t\t\t\t\t\t<div class=\"elementor-element elementor-element-940e402 elementor-invisible elementor-widget elementor-widget-image\" data-id=\"940e402\" data-element_type=\"widget\" data-settings=\"{&quot;_animation&quot;:&quot;fadeInUp&quot;,&quot;_animation_delay&quot;:0}\" data-widget_type=\"image.default\">\n\t\t\t\t<div class=\"elementor-widget-container\">\n\t\t\t\t\t\t\t\t\t\t\t\t\t\t<a href=\"http:\/\/damesmagiques.com\/es\/blog\/3er-festival-dama\/\">\n\t\t\t\t\t\t\t<img decoding=\"async\" src=\"https:\/\/damesmagiques.com\/wp-content\/uploads\/elementor\/thumbs\/posterDAMA2008-qakienlt9mwosmkcppk3umlmyh2vp6tu52hux5sx6o.jpg\" title=\"posterDAMA2008\" alt=\"Poster Festival DAMA 2008\" class=\"elementor-animation-shrink\" loading=\"lazy\" \/>\t\t\t\t\t\t\t\t<\/a>\n\t\t\t\t\t\t\t\t\t\t\t\t\t<\/div>\n\t\t\t\t<\/div>\n\t\t\t\t<div class=\"elementor-element elementor-element-951f3c7 elementor-widget elementor-widget-heading\" data-id=\"951f3c7\" data-element_type=\"widget\" data-widget_type=\"heading.default\">\n\t\t\t\t<div class=\"elementor-widget-container\">\n\t\t\t<h4 class=\"elementor-heading-title elementor-size-default\"><span style=\"font-family: var( --e-global-typography-primary-font-family ), Sans-serif;\">3er Festival internacional de Damas M\u00e1gicas<\/span><\/h4>\t\t<\/div>\n\t\t\t\t<\/div>\n\t\t\t\t<div class=\"elementor-element elementor-element-a20fdb4 elementor-widget elementor-widget-text-editor\" data-id=\"a20fdb4\" data-element_type=\"widget\" data-widget_type=\"text-editor.default\">\n\t\t\t\t<div class=\"elementor-widget-container\">\n\t\t\t\t\t\t\t<p class=\"gb-headline gb-headline-98400100\"><strong>Terraza<\/strong><\/p><p>Ya llevamos el tercer DAMA, y les aseguro que disponemos de una lista muy larga de damas m\u00e1gicas que no han podido participar este a\u00f1o pero que las tenemos en mente para los pr\u00f3ximos a\u00f1os.<\/p>\t\t\t\t\t\t<\/div>\n\t\t\t\t<\/div>\n\t\t\t\t\t<\/div>\n\t\t<\/div>\n\t\t\t\t<div class=\"elementor-column elementor-col-33 elementor-inner-column elementor-element elementor-element-114a2b4\" data-id=\"114a2b4\" data-element_type=\"column\">\n\t\t\t<div class=\"elementor-widget-wrap elementor-element-populated\">\n\t\t\t\t\t\t<div class=\"elementor-element elementor-element-92711b2 elementor-invisible elementor-widget elementor-widget-image\" data-id=\"92711b2\" data-element_type=\"widget\" data-settings=\"{&quot;_animation&quot;:&quot;fadeInUp&quot;,&quot;_animation_delay&quot;:0}\" data-widget_type=\"image.default\">\n\t\t\t\t<div class=\"elementor-widget-container\">\n\t\t\t\t\t\t\t\t\t\t\t\t\t\t<a href=\"http:\/\/damesmagiques.com\/es\/blog\/2on-festival-dama\/\">\n\t\t\t\t\t\t\t<img decoding=\"async\" src=\"https:\/\/damesmagiques.com\/wp-content\/uploads\/elementor\/thumbs\/posterDAMA2007-qakicby6ddq63bxva7eb6ppm36j7o4lq5kfn7j8ykg.jpg\" title=\"posterDAMA2007\" alt=\"Poster Damma 2007\" class=\"elementor-animation-shrink\" loading=\"lazy\" \/>\t\t\t\t\t\t\t\t<\/a>\n\t\t\t\t\t\t\t\t\t\t\t\t\t<\/div>\n\t\t\t\t<\/div>\n\t\t\t\t<div class=\"elementor-element elementor-element-02153d0 elementor-widget elementor-widget-heading\" data-id=\"02153d0\" data-element_type=\"widget\" data-widget_type=\"heading.default\">\n\t\t\t\t<div class=\"elementor-widget-container\">\n\t\t\t<h4 class=\"elementor-heading-title elementor-size-default\"><span style=\"font-family: var( --e-global-typography-primary-font-family ), Sans-serif;\">2\u00ba Festival internacional de Damas M\u00e1gicas<\/span><\/h4>\t\t<\/div>\n\t\t\t\t<\/div>\n\t\t\t\t<div class=\"elementor-element elementor-element-b215844 elementor-widget elementor-widget-text-editor\" data-id=\"b215844\" data-element_type=\"widget\" data-widget_type=\"text-editor.default\">\n\t\t\t\t<div class=\"elementor-widget-container\">\n\t\t\t\t\t\t\t<p class=\"gb-headline gb-headline-a2c8b61c\"><strong>Terraza<\/strong><\/p><p>Este festival tiene la voluntad de convertirse en un espacio donde las damas m\u00e1gicas de todo el mundo puedan mostrar su arte, y ofrecer al p\u00fablico una sensibilidad especial y una forma diferente de hacer magia.<\/p>\t\t\t\t\t\t<\/div>\n\t\t\t\t<\/div>\n\t\t\t\t\t<\/div>\n\t\t<\/div>\n\t\t\t\t<div class=\"elementor-column elementor-col-33 elementor-inner-column elementor-element elementor-element-e77bc23\" data-id=\"e77bc23\" data-element_type=\"column\">\n\t\t\t<div class=\"elementor-widget-wrap elementor-element-populated\">\n\t\t\t\t\t\t<div class=\"elementor-element elementor-element-0a13af4 elementor-invisible elementor-widget elementor-widget-image\" data-id=\"0a13af4\" data-element_type=\"widget\" data-settings=\"{&quot;_animation&quot;:&quot;fadeInUp&quot;,&quot;_animation_delay&quot;:0}\" data-widget_type=\"image.default\">\n\t\t\t\t<div class=\"elementor-widget-container\">\n\t\t\t\t\t\t\t\t\t\t\t\t\t\t<a href=\"http:\/\/damesmagiques.com\/es\/blog\/1er-festival-dama\/\">\n\t\t\t\t\t\t\t<img decoding=\"async\" src=\"https:\/\/damesmagiques.com\/wp-content\/uploads\/elementor\/thumbs\/posterDAMA2006-qak488aw1e6a7lzi8kqdcxjm4yweu7h5mp6s6wm60w.jpg\" title=\"posterDAMA2006\" alt=\"posterDAMA2006\" class=\"elementor-animation-shrink\" loading=\"lazy\" \/>\t\t\t\t\t\t\t\t<\/a>\n\t\t\t\t\t\t\t\t\t\t\t\t\t<\/div>\n\t\t\t\t<\/div>\n\t\t\t\t<div class=\"elementor-element elementor-element-0957c23 elementor-widget elementor-widget-heading\" data-id=\"0957c23\" data-element_type=\"widget\" data-widget_type=\"heading.default\">\n\t\t\t\t<div class=\"elementor-widget-container\">\n\t\t\t<h4 class=\"elementor-heading-title elementor-size-default\"><span style=\"font-family: var( --e-global-typography-primary-font-family ), Sans-serif;\">1er Festival internacional de Damas M\u00e1gicas<\/span><\/h4>\t\t<\/div>\n\t\t\t\t<\/div>\n\t\t\t\t<div class=\"elementor-element elementor-element-b2abd2b elementor-widget elementor-widget-text-editor\" data-id=\"b2abd2b\" data-element_type=\"widget\" data-widget_type=\"text-editor.default\">\n\t\t\t\t<div class=\"elementor-widget-container\">\n\t\t\t\t\t\t\t<p class=\"gb-headline gb-headline-29cbcc09\"><strong>Terraza<\/strong><\/p><p>La tradici\u00f3n de los espect\u00e1culos de magia nos muestra que los int\u00e9rpretes protagonistas de estas obras generalmente son hombres. Aunque cada vez existen m\u00e1s mujeres protagonistas de su propio espect\u00e1culo de magia, todav\u00eda somos una minor\u00eda.<\/p>\t\t\t\t\t\t<\/div>\n\t\t\t\t<\/div>\n\t\t\t\t\t<\/div>\n\t\t<\/div>\n\t\t\t\t\t<\/div>\n\t\t<\/section>\n\t\t\t\t\t<\/div>\n\t\t<\/div>\n\t\t\t\t\t<\/div>\n\t\t<\/section>\n\t\t\t\t<section class=\"elementor-section elementor-top-section elementor-element elementor-element-1c209642 elementor-section-boxed elementor-section-height-default elementor-section-height-default\" data-id=\"1c209642\" data-element_type=\"section\">\n\t\t\t\t\t\t<div class=\"elementor-container elementor-column-gap-default\">\n\t\t\t\t\t<div class=\"elementor-column elementor-col-100 elementor-top-column elementor-element elementor-element-62dba87c\" data-id=\"62dba87c\" data-element_type=\"column\">\n\t\t\t<div class=\"elementor-widget-wrap elementor-element-populated\">\n\t\t\t\t\t\t<div class=\"elementor-element elementor-element-5dcdcad9 elementor-align-center elementor-widget elementor-widget-button\" data-id=\"5dcdcad9\" data-element_type=\"widget\" data-settings=\"{&quot;_animation&quot;:&quot;none&quot;,&quot;_animation_delay&quot;:200}\" data-widget_type=\"button.default\">\n\t\t\t\t<div class=\"elementor-widget-container\">\n\t\t\t\t\t<div class=\"elementor-button-wrapper\">\n\t\t\t<a class=\"elementor-button elementor-button-link elementor-size-sm elementor-animation-grow\" href=\"http:\/\/damesmagiques.com\/es\/blog\/contacte\/\" target=\"_blank\">\n\t\t\t\t\t\t<span class=\"elementor-button-content-wrapper\">\n\t\t\t\t\t\t\t\t\t<span class=\"elementor-button-text\">Contacta con nosotros<\/span>\n\t\t\t\t\t<\/span>\n\t\t\t\t\t<\/a>\n\t\t<\/div>\n\t\t\t\t<\/div>\n\t\t\t\t<\/div>\n\t\t\t\t\t<\/div>\n\t\t<\/div>\n\t\t\t\t\t<\/div>\n\t\t<\/section>\n\t\t\t\t<\/div>","protected":false},"excerpt":{"rendered":"<p>Las anteriores ediciones del Festival DAMA 9e Festival internacional de Damas M\u00e1gicas Premi\u00e0 de Dalt Como la tradici\u00f3n de los espect\u00e1culos de magia evidenciaba que la mayor\u00eda de protagonistas de estas \u2026 <\/p>\n<p class=\"read-more-container\"><a title=\"EDICIONES ANTERIORES\" class=\"read-more button\" href=\"https:\/\/damesmagiques.com\/es\/espectacles\/#more-2472\">seguir leyendo<span class=\"screen-reader-text\">EDICIONES ANTERIORES<\/span><\/a><\/p>","protected":false},"author":1,"featured_media":0,"parent":0,"menu_order":0,"comment_status":"closed","ping_status":"closed","template":"","meta":{"footnotes":""},"_links":{"self":[{"href":"https:\/\/damesmagiques.com\/es\/wp-json\/wp\/v2\/pages\/2472"}],"collection":[{"href":"https:\/\/damesmagiques.com\/es\/wp-json\/wp\/v2\/pages"}],"about":[{"href":"https:\/\/damesmagiques.com\/es\/wp-json\/wp\/v2\/types\/page"}],"author":[{"embeddable":true,"href":"https:\/\/damesmagiques.com\/es\/wp-json\/wp\/v2\/users\/1"}],"replies":[{"embeddable":true,"href":"https:\/\/damesmagiques.com\/es\/wp-json\/wp\/v2\/comments?post=2472"}],"version-history":[{"count":91,"href":"https:\/\/damesmagiques.com\/es\/wp-json\/wp\/v2\/pages\/2472\/revisions"}],"predecessor-version":[{"id":7686,"href":"https:\/\/damesmagiques.com\/es\/wp-json\/wp\/v2\/pages\/2472\/revisions\/7686"}],"wp:attachment":[{"href":"https:\/\/damesmagiques.com\/es\/wp-json\/wp\/v2\/media?parent=2472"}],"curies":[{"name":"wp","href":"https:\/\/api.w.org\/{rel}","templated":true}]}}