{"id":3426,"date":"2020-07-29T11:05:37","date_gmt":"2020-07-29T09:05:37","guid":{"rendered":"http:\/\/damesmagiques.com\/?page_id=3426"},"modified":"2020-09-14T13:27:48","modified_gmt":"2020-09-14T11:27:48","slug":"qui-som","status":"publish","type":"page","link":"https:\/\/damesmagiques.com\/es\/qui-som\/","title":{"rendered":"Qui\u00e9nes somos"},"content":{"rendered":"<div data-elementor-type=\"wp-page\" data-elementor-id=\"3426\" class=\"elementor elementor-3426\" data-elementor-post-type=\"page\">\n\t\t\t\t\t\t<section class=\"elementor-section elementor-top-section elementor-element elementor-element-2274672 elementor-section-height-min-height elementor-section-items-bottom elementor-section-content-bottom elementor-section-stretched elementor-section-boxed elementor-section-height-default elementor-invisible\" data-id=\"2274672\" data-element_type=\"section\" data-settings=\"{&quot;background_background&quot;:&quot;classic&quot;,&quot;stretch_section&quot;:&quot;section-stretched&quot;,&quot;animation&quot;:&quot;fadeInDown&quot;}\">\n\t\t\t\t\t\t\t<div class=\"elementor-background-overlay\"><\/div>\n\t\t\t\t\t\t\t<div class=\"elementor-container elementor-column-gap-default\">\n\t\t\t\t\t<div class=\"elementor-column elementor-col-100 elementor-top-column elementor-element elementor-element-53ef24c\" data-id=\"53ef24c\" data-element_type=\"column\" data-settings=\"{&quot;background_background&quot;:&quot;classic&quot;}\">\n\t\t\t<div class=\"elementor-widget-wrap elementor-element-populated\">\n\t\t\t\t\t\t<div class=\"elementor-element elementor-element-669b52e2 elementor-widget elementor-widget-heading\" data-id=\"669b52e2\" data-element_type=\"widget\" data-widget_type=\"heading.default\">\n\t\t\t\t<div class=\"elementor-widget-container\">\n\t\t\t<h3 class=\"elementor-heading-title elementor-size-large\">MI HISTORIA<\/h3>\t\t<\/div>\n\t\t\t\t<\/div>\n\t\t\t\t<div class=\"elementor-element elementor-element-6c58b96 elementor-widget elementor-widget-heading\" data-id=\"6c58b96\" data-element_type=\"widget\" data-widget_type=\"heading.default\">\n\t\t\t\t<div class=\"elementor-widget-container\">\n\t\t\t<h2 class=\"elementor-heading-title elementor-size-default\">Sobre el escenario y m\u00e1s all\u00e1\n<\/h2>\t\t<\/div>\n\t\t\t\t<\/div>\n\t\t\t\t<div class=\"elementor-element elementor-element-ab263a6 elementor-widget elementor-widget-text-editor\" data-id=\"ab263a6\" data-element_type=\"widget\" data-widget_type=\"text-editor.default\">\n\t\t\t\t<div class=\"elementor-widget-container\">\n\t\t\t\t\t\t\t<p class=\"p1\" style=\"text-align: left;\">Nazco una primavera en el Barrio de San Antonio de Barcelona, cerca del Paralelo. Cuando estoy enferma, mi abuela que hab\u00eda actuado en El Molino, me canta cupl\u00e9s y zarzuelas, anim\u00e1ndome a hacer duetos con ella. Este peque\u00f1o y bello recuerdo me deja una huella que me empuja, paulatinamente, hacia el mundo del espect\u00e1culo.<\/p><p class=\"p1\">De joven trabajo con ni\u00f1os y descubro que me gusta ense\u00f1ar. Me doy cuenta que no quiero perder el contacto con estos fantasiosos seres llenos de imaginaci\u00f3n y conecto las dos pasiones de mi vida: el teatro y la docencia.<\/p>\t\t\t\t\t\t<\/div>\n\t\t\t\t<\/div>\n\t\t\t\t\t<\/div>\n\t\t<\/div>\n\t\t\t\t\t<\/div>\n\t\t<\/section>\n\t\t\t\t<section class=\"elementor-section elementor-top-section elementor-element elementor-element-5f833c74 elementor-section-stretched elementor-section-full_width elementor-section-height-default elementor-section-height-default\" data-id=\"5f833c74\" data-element_type=\"section\" data-settings=\"{&quot;stretch_section&quot;:&quot;section-stretched&quot;}\">\n\t\t\t\t\t\t<div class=\"elementor-container elementor-column-gap-default\">\n\t\t\t\t\t<div class=\"elementor-column elementor-col-100 elementor-top-column elementor-element elementor-element-54cfaa5\" data-id=\"54cfaa5\" data-element_type=\"column\">\n\t\t\t<div class=\"elementor-widget-wrap elementor-element-populated\">\n\t\t\t\t\t\t<div class=\"elementor-element elementor-element-7a6a059c elementor-widget elementor-widget-text-editor\" data-id=\"7a6a059c\" data-element_type=\"widget\" data-widget_type=\"text-editor.default\">\n\t\t\t\t<div class=\"elementor-widget-container\">\n\t\t\t\t\t\t\t<p class=\"p1\">M\u00e1s tarde elaboro una investigaci\u00f3n sobre la gesti\u00f3n de las emociones utilizando los t\u00edteres y tengo el privilegio de conocer grandes pedagogos y de compartir nuestras experiencias. <strong>Me siento afortunada porque al mismo tiempo sigo haciendo de actriz, maga, titiritera y payasa,<\/strong>,<span class=\"Apple-converted-space\">\u00a0 <\/span>creando espect\u00e1culos inspirados en mi imaginario. Los dos amores profesionales se nutren juntos.<\/p><p class=\"p2\">Colaboro con televisiones, artistas y grandes compa\u00f1\u00edas descubriendo una manera diferente de funcionar. <em><strong>\u00a1Todo el mundo no lo hace todo, todo el mundo no lo sabe todo! <\/strong><\/em>me da qu\u00e9 pensar y hacia los a\u00f1os 90 incorporo profesionales especializados en la compa\u00f1\u00eda y somos el primer grupo de peque\u00f1o formato para todos los p\u00fablicos que trabaja con expertos teatrales.<\/p><p class=\"p2\"><strong>Me gustan las cosas que te dan luz, aunque el d\u00eda est\u00e9 nublado.<\/strong> Para m\u00ed la magia es una de ellas. Tras una actuaci\u00f3n tengo un pensamiento que cambiar\u00e1 parte de mi destino, <strong>&quot;<\/strong><i><strong>Las mujeres necesitamos una voz m\u00e1s fuerte en el mundo de la magia a menudo machista &quot;<\/strong>,<\/i> y me arriesgo a montar un evento \u00fanico en el mundo: <strong>DAMA, Festival Internacional de Damas M\u00e1gicas.<\/strong><\/p>\t\t\t\t\t\t<\/div>\n\t\t\t\t<\/div>\n\t\t\t\t<section class=\"elementor-section elementor-inner-section elementor-element elementor-element-66490d16 elementor-section-height-min-height elementor-section-content-bottom elementor-section-full_width elementor-section-height-default elementor-invisible\" data-id=\"66490d16\" data-element_type=\"section\" data-settings=\"{&quot;animation&quot;:&quot;fadeInUp&quot;}\">\n\t\t\t\t\t\t<div class=\"elementor-container elementor-column-gap-wider\">\n\t\t\t\t\t<div class=\"elementor-column elementor-col-50 elementor-inner-column elementor-element elementor-element-780bc815\" data-id=\"780bc815\" data-element_type=\"column\" data-settings=\"{&quot;background_background&quot;:&quot;classic&quot;}\">\n\t\t\t<div class=\"elementor-widget-wrap elementor-element-populated\">\n\t\t\t\t\t\t<div class=\"elementor-element elementor-element-48c9805f elementor-widget elementor-widget-heading\" data-id=\"48c9805f\" data-element_type=\"widget\" data-widget_type=\"heading.default\">\n\t\t\t\t<div class=\"elementor-widget-container\">\n\t\t\t<h4 class=\"elementor-heading-title elementor-size-default\">A pesar de mi sordera creciente, me adapto a la situaci\u00f3n, hago un paso adelante y aprendo la lengua de signos para contar cuentos e incorporarlos en mis espect\u00e1culos. A la vez empiezo un nuevo proyecto con bailarines que disfruto infinito: la creaci\u00f3n y direcci\u00f3n\u00a0de Addaura Teatro Visual. <strong>de Addaura Teatro Visual.<\/strong><\/h4>\t\t<\/div>\n\t\t\t\t<\/div>\n\t\t\t\t\t<\/div>\n\t\t<\/div>\n\t\t\t\t<div class=\"elementor-column elementor-col-50 elementor-inner-column elementor-element elementor-element-4dfb0221\" data-id=\"4dfb0221\" data-element_type=\"column\" data-settings=\"{&quot;background_background&quot;:&quot;classic&quot;}\">\n\t\t\t<div class=\"elementor-widget-wrap elementor-element-populated\">\n\t\t\t\t\t\t<div class=\"elementor-element elementor-element-adc7771 elementor-widget elementor-widget-heading\" data-id=\"adc7771\" data-element_type=\"widget\" data-widget_type=\"heading.default\">\n\t\t\t\t<div class=\"elementor-widget-container\">\n\t\t\t<h4 class=\"elementor-heading-title elementor-size-large\">Aprovecho mi experiencia para producir atractivos espect\u00e1culos sin palabras que obtienen varios premios. Me satisface hacer los guiones de las obras, disfruto redactando art\u00edculos de opini\u00f3n y ensayos sobre educaci\u00f3n. Para m\u00ed escribir es un placer. Llega el momento de otro reto: la primera novela,\u00a0\"Entre Magias\". <strong>&quot;Entre Magias&quot;.<\/strong>\n\n<\/h4>\t\t<\/div>\n\t\t\t\t<\/div>\n\t\t\t\t\t<\/div>\n\t\t<\/div>\n\t\t\t\t\t<\/div>\n\t\t<\/section>\n\t\t\t\t<div class=\"elementor-element elementor-element-5096242 elementor-widget elementor-widget-text-editor\" data-id=\"5096242\" data-element_type=\"widget\" data-widget_type=\"text-editor.default\">\n\t\t\t\t<div class=\"elementor-widget-container\">\n\t\t\t\t\t\t\t<p class=\"p1\" style=\"text-align: center;\">Gracias abuela por tu medicina que me curaba el alma y que con los a\u00f1os me ha llevado a ser lo que soy: una mujer valiente y artista como t\u00fa.<\/p><p class=\"p1\" style=\"text-align: center;\">Ahora s\u00e9 que mi mente creativa no dejar\u00e1 nunca de manar.<\/p>\t\t\t\t\t\t<\/div>\n\t\t\t\t<\/div>\n\t\t\t\t<div class=\"elementor-element elementor-element-36a1657 elementor-align-center elementor-widget elementor-widget-button\" data-id=\"36a1657\" data-element_type=\"widget\" data-settings=\"{&quot;_animation&quot;:&quot;none&quot;,&quot;_animation_delay&quot;:200}\" data-widget_type=\"button.default\">\n\t\t\t\t<div class=\"elementor-widget-container\">\n\t\t\t\t\t<div class=\"elementor-button-wrapper\">\n\t\t\t<a class=\"elementor-button elementor-button-link elementor-size-sm elementor-animation-grow\" href=\"http:\/\/damesmagiques.com\/es\/curriculum\/\" target=\"_blank\">\n\t\t\t\t\t\t<span class=\"elementor-button-content-wrapper\">\n\t\t\t\t\t\t\t\t\t<span class=\"elementor-button-text\">\u00bfQuieres saber m\u00e1s?<\/span>\n\t\t\t\t\t<\/span>\n\t\t\t\t\t<\/a>\n\t\t<\/div>\n\t\t\t\t<\/div>\n\t\t\t\t<\/div>\n\t\t\t\t\t<\/div>\n\t\t<\/div>\n\t\t\t\t\t<\/div>\n\t\t<\/section>\n\t\t\t\t<section class=\"elementor-section elementor-top-section elementor-element elementor-element-2cfd617 elementor-section-boxed elementor-section-height-default elementor-section-height-default\" data-id=\"2cfd617\" data-element_type=\"section\">\n\t\t\t\t\t\t<div class=\"elementor-container elementor-column-gap-default\">\n\t\t\t\t\t<div class=\"elementor-column elementor-col-100 elementor-top-column elementor-element elementor-element-5b652d9\" data-id=\"5b652d9\" data-element_type=\"column\">\n\t\t\t<div class=\"elementor-widget-wrap elementor-element-populated\">\n\t\t\t\t\t\t<div class=\"elementor-element elementor-element-8d21e42 elementor-align-center elementor-widget elementor-widget-button\" data-id=\"8d21e42\" data-element_type=\"widget\" data-settings=\"{&quot;_animation&quot;:&quot;none&quot;,&quot;_animation_delay&quot;:200}\" data-widget_type=\"button.default\">\n\t\t\t\t<div class=\"elementor-widget-container\">\n\t\t\t\t\t<div class=\"elementor-button-wrapper\">\n\t\t\t<a class=\"elementor-button elementor-button-link elementor-size-sm elementor-animation-grow\" href=\"https:\/\/damesmagiques.com\/es\/contacte\/\" target=\"_blank\">\n\t\t\t\t\t\t<span class=\"elementor-button-content-wrapper\">\n\t\t\t\t\t\t\t\t\t<span class=\"elementor-button-text\">Contacta con nosotros<\/span>\n\t\t\t\t\t<\/span>\n\t\t\t\t\t<\/a>\n\t\t<\/div>\n\t\t\t\t<\/div>\n\t\t\t\t<\/div>\n\t\t\t\t\t<\/div>\n\t\t<\/div>\n\t\t\t\t\t<\/div>\n\t\t<\/section>\n\t\t\t\t<\/div>","protected":false},"excerpt":{"rendered":"<p>LA MEVA HIST\u00d2RIA Sobre l\u2019escenari i m\u00e9s enll\u00e0 Neixo una primavera al Barri de Sant Antoni de Barcelona, prop del Paral\u00b7lel. Quan estic malalta, la meva \u00e0via que havia actuat &#8230; <\/p>\n<p class=\"read-more-container\"><a title=\"Qui\u00e9nes somos\" class=\"read-more button\" href=\"https:\/\/damesmagiques.com\/es\/qui-som\/#more-3426\">seguir leyendo<span class=\"screen-reader-text\">Qui\u00e9nes somos<\/span><\/a><\/p>","protected":false},"author":1,"featured_media":0,"parent":0,"menu_order":0,"comment_status":"closed","ping_status":"closed","template":"","meta":{"footnotes":""},"_links":{"self":[{"href":"https:\/\/damesmagiques.com\/es\/wp-json\/wp\/v2\/pages\/3426"}],"collection":[{"href":"https:\/\/damesmagiques.com\/es\/wp-json\/wp\/v2\/pages"}],"about":[{"href":"https:\/\/damesmagiques.com\/es\/wp-json\/wp\/v2\/types\/page"}],"author":[{"embeddable":true,"href":"https:\/\/damesmagiques.com\/es\/wp-json\/wp\/v2\/users\/1"}],"replies":[{"embeddable":true,"href":"https:\/\/damesmagiques.com\/es\/wp-json\/wp\/v2\/comments?post=3426"}],"version-history":[{"count":62,"href":"https:\/\/damesmagiques.com\/es\/wp-json\/wp\/v2\/pages\/3426\/revisions"}],"predecessor-version":[{"id":6425,"href":"https:\/\/damesmagiques.com\/es\/wp-json\/wp\/v2\/pages\/3426\/revisions\/6425"}],"wp:attachment":[{"href":"https:\/\/damesmagiques.com\/es\/wp-json\/wp\/v2\/media?parent=3426"}],"curies":[{"name":"wp","href":"https:\/\/api.w.org\/{rel}","templated":true}]}}