{"id":6760,"date":"2023-08-06T13:14:04","date_gmt":"2023-08-06T11:14:04","guid":{"rendered":"http:\/\/damesmagiques.com\/?page_id=6760"},"modified":"2024-05-16T01:17:20","modified_gmt":"2024-05-15T23:17:20","slug":"nova-edicio","status":"publish","type":"page","link":"https:\/\/damesmagiques.com\/es\/nova-edicio\/","title":{"rendered":"NUEVA EDICI\u00d3N"},"content":{"rendered":"<div data-elementor-type=\"wp-page\" data-elementor-id=\"6760\" class=\"elementor elementor-6760\" data-elementor-post-type=\"page\">\n\t\t\t\t\t\t<section class=\"elementor-section elementor-top-section elementor-element elementor-element-1fa3b4b7 elementor-section-boxed elementor-section-height-default elementor-section-height-default\" data-id=\"1fa3b4b7\" data-element_type=\"section\">\n\t\t\t\t\t\t<div class=\"elementor-container elementor-column-gap-default\">\n\t\t\t\t\t<div class=\"elementor-column elementor-col-100 elementor-top-column elementor-element elementor-element-3dbf6dca\" data-id=\"3dbf6dca\" data-element_type=\"column\">\n\t\t\t<div class=\"elementor-widget-wrap elementor-element-populated\">\n\t\t\t\t\t\t<div class=\"elementor-element elementor-element-c3ec490 elementor-widget elementor-widget-text-editor\" data-id=\"c3ec490\" data-element_type=\"widget\" data-widget_type=\"text-editor.default\">\n\t\t\t\t<div class=\"elementor-widget-container\">\n\t\t\t\t\t\t\t<h2><a href=\"http:\/\/damesmagiques.com\/es\/blog\/contacte\/\" target=\"_blank\" rel=\"noopener noreferrer\"><b>DAMA<\/b><\/a><\/h2><h2 class=\"elementor-heading-title elementor-size-default\"><b>Un poco de historia<\/b><\/h2><div>\u00a0<\/div><p>En 2006, decid\u00ed \u2014Teia Moner, Directora art\u00edstica\u2014, poner en marcha un festival de mujeres que hicieran magia. Poco pensaba que habr\u00eda tantas. Se realizaron ocho ediciones en Terrassa y, gracias al apoyo del p\u00fablico y la comunidad m\u00e1gica, el papel de la mujer maga se afianzaba, pero lleg\u00f3 la maldita crisis. Ninguna varita m\u00e1gica pudo hacerla desaparecer. Nos seg\u00f3 nuestras ilusiones y el festival qued\u00f3 en paro como tantos proyectos personales y culturales.<\/p><p>Estuvimos cuatro a\u00f1os en pausa y la situaci\u00f3n profesional de las magas hacia la magia a\u00fan no ten\u00eda la armon\u00eda que dese\u00e1bamos. Se evidenciaba la falta de una plataforma para que presentaran sus espect\u00e1culos y mostraran su arte en el mundo. El DAMA volvi\u00f3 con fuerza en 2019 a Premi\u00e0 de Dalt. Acto seguido lleg\u00f3 la pandemia con otro paro cultural y emocional.<\/p><h2><b>El futuro inmediato<\/b><\/h2><p>En estos momentos se est\u00e1 gestando una nueva edici\u00f3n del festival para el a\u00f1o 2025, dirigido por <a title=\"Teia Moner, Teatro, t\u00edteres y magia\" href=\"http:\/\/www.teiamoner.net\" target=\"_blank\" rel=\"noopener\">Teia Moner<\/a> y <span style=\"color: #000000;\">Silvana Gordiola<\/span> de ayudante de direcci\u00f3n.<\/p>\t\t\t\t\t\t<\/div>\n\t\t\t\t<\/div>\n\t\t\t\t\t<\/div>\n\t\t<\/div>\n\t\t\t\t\t<\/div>\n\t\t<\/section>\n\t\t\t\t<section class=\"elementor-section elementor-top-section elementor-element elementor-element-0ba477a elementor-section-boxed elementor-section-height-default elementor-section-height-default\" data-id=\"0ba477a\" data-element_type=\"section\">\n\t\t\t\t\t\t<div class=\"elementor-container elementor-column-gap-default\">\n\t\t\t\t\t<div class=\"elementor-column elementor-col-100 elementor-top-column elementor-element elementor-element-c6eb366\" data-id=\"c6eb366\" data-element_type=\"column\">\n\t\t\t<div class=\"elementor-widget-wrap elementor-element-populated\">\n\t\t\t\t\t\t<div class=\"elementor-element elementor-element-15a33e5 elementor-widget elementor-widget-text-editor\" data-id=\"15a33e5\" data-element_type=\"widget\" data-widget_type=\"text-editor.default\">\n\t\t\t\t<div class=\"elementor-widget-container\">\n\t\t\t\t\t\t\t<h1 style=\"text-align: center;\"><span style=\"color: #000000;\"><strong>\u00bfEres Maga?<\/strong> <\/span><\/h1><h1 style=\"text-align: center;\">\u00bfTienes un espect\u00e1culo, n\u00famero de gala, taller, conferencia u otra actividad?\u00a0<\/h1>\t\t\t\t\t\t<\/div>\n\t\t\t\t<\/div>\n\t\t\t\t<div class=\"elementor-element elementor-element-2c38bbd elementor-widget elementor-widget-image\" data-id=\"2c38bbd\" data-element_type=\"widget\" data-widget_type=\"image.default\">\n\t\t\t\t<div class=\"elementor-widget-container\">\n\t\t\t\t\t\t\t\t\t\t\t\t\t<img fetchpriority=\"high\" decoding=\"async\" width=\"1200\" height=\"498\" src=\"https:\/\/damesmagiques.com\/wp-content\/uploads\/2023\/08\/salutacions.jpg\" class=\"attachment-full size-full wp-image-7375\" alt=\"\" srcset=\"https:\/\/damesmagiques.com\/wp-content\/uploads\/2023\/08\/salutacions.jpg 1200w, https:\/\/damesmagiques.com\/wp-content\/uploads\/2023\/08\/salutacions-300x125.jpg 300w, https:\/\/damesmagiques.com\/wp-content\/uploads\/2023\/08\/salutacions-1024x425.jpg 1024w, https:\/\/damesmagiques.com\/wp-content\/uploads\/2023\/08\/salutacions-768x319.jpg 768w, https:\/\/damesmagiques.com\/wp-content\/uploads\/2023\/08\/salutacions-18x7.jpg 18w\" sizes=\"(max-width: 1200px) 100vw, 1200px\" \/>\t\t\t\t\t\t\t\t\t\t\t\t\t<\/div>\n\t\t\t\t<\/div>\n\t\t\t\t<div class=\"elementor-element elementor-element-67bf580 elementor-align-center elementor-widget elementor-widget-button\" data-id=\"67bf580\" data-element_type=\"widget\" data-widget_type=\"button.default\">\n\t\t\t\t<div class=\"elementor-widget-container\">\n\t\t\t\t\t<div class=\"elementor-button-wrapper\">\n\t\t\t<a class=\"elementor-button elementor-button-link elementor-size-sm\" href=\"https:\/\/damesmagiques.com\/es\/contacte\/\">\n\t\t\t\t\t\t<span class=\"elementor-button-content-wrapper\">\n\t\t\t\t\t\t\t\t\t<span class=\"elementor-button-text\">CONTACTA CON NOSOTROS<\/span>\n\t\t\t\t\t<\/span>\n\t\t\t\t\t<\/a>\n\t\t<\/div>\n\t\t\t\t<\/div>\n\t\t\t\t<\/div>\n\t\t\t\t\t<\/div>\n\t\t<\/div>\n\t\t\t\t\t<\/div>\n\t\t<\/section>\n\t\t\t\t<\/div>","protected":false},"excerpt":{"rendered":"<p>DAMA Un poco de historia En 2006, decid\u00ed \u2014Teia Moner, Directora art\u00edstica\u2014, poner en marcha un festival de mujeres que hicieran magia. Poco pensaba que habr\u00eda tantas. Se van \u2026 <\/p>\n<p class=\"read-more-container\"><a title=\"NUEVA EDICI\u00d3N\" class=\"read-more button\" href=\"https:\/\/damesmagiques.com\/es\/nova-edicio\/#more-6760\">seguir leyendo<span class=\"screen-reader-text\">NUEVA EDICI\u00d3N<\/span><\/a><\/p>","protected":false},"author":1,"featured_media":0,"parent":0,"menu_order":0,"comment_status":"closed","ping_status":"closed","template":"","meta":{"footnotes":""},"_links":{"self":[{"href":"https:\/\/damesmagiques.com\/es\/wp-json\/wp\/v2\/pages\/6760"}],"collection":[{"href":"https:\/\/damesmagiques.com\/es\/wp-json\/wp\/v2\/pages"}],"about":[{"href":"https:\/\/damesmagiques.com\/es\/wp-json\/wp\/v2\/types\/page"}],"author":[{"embeddable":true,"href":"https:\/\/damesmagiques.com\/es\/wp-json\/wp\/v2\/users\/1"}],"replies":[{"embeddable":true,"href":"https:\/\/damesmagiques.com\/es\/wp-json\/wp\/v2\/comments?post=6760"}],"version-history":[{"count":26,"href":"https:\/\/damesmagiques.com\/es\/wp-json\/wp\/v2\/pages\/6760\/revisions"}],"predecessor-version":[{"id":7907,"href":"https:\/\/damesmagiques.com\/es\/wp-json\/wp\/v2\/pages\/6760\/revisions\/7907"}],"wp:attachment":[{"href":"https:\/\/damesmagiques.com\/es\/wp-json\/wp\/v2\/media?parent=6760"}],"curies":[{"name":"wp","href":"https:\/\/api.w.org\/{rel}","templated":true}]}}