{"id":6863,"date":"2023-08-07T18:01:23","date_gmt":"2023-08-07T16:01:23","guid":{"rendered":"http:\/\/damesmagiques.com\/?page_id=6863"},"modified":"2023-08-25T13:06:30","modified_gmt":"2023-08-25T11:06:30","slug":"9e-festival-dama","status":"publish","type":"page","link":"https:\/\/damesmagiques.com\/es\/9e-festival-dama\/","title":{"rendered":"9e FESTIVAL DAMA"},"content":{"rendered":"<div data-elementor-type=\"wp-page\" data-elementor-id=\"6863\" class=\"elementor elementor-6863\" data-elementor-post-type=\"page\">\n\t\t\t\t\t\t<section class=\"elementor-section elementor-top-section elementor-element elementor-element-79a66f0 elementor-section-boxed elementor-section-height-default elementor-section-height-default\" data-id=\"79a66f0\" data-element_type=\"section\">\n\t\t\t\t\t\t<div class=\"elementor-container elementor-column-gap-default\">\n\t\t\t\t\t<div class=\"elementor-column elementor-col-100 elementor-top-column elementor-element elementor-element-3c36c5c\" data-id=\"3c36c5c\" data-element_type=\"column\">\n\t\t\t<div class=\"elementor-widget-wrap elementor-element-populated\">\n\t\t\t\t\t\t<div class=\"elementor-element elementor-element-7eca1c7 elementor-widget elementor-widget-heading\" data-id=\"7eca1c7\" data-element_type=\"widget\" data-widget_type=\"heading.default\">\n\t\t\t\t<div class=\"elementor-widget-container\">\n\t\t\t<h2 class=\"elementor-heading-title elementor-size-default\">DAMA 2019<\/h2>\t\t<\/div>\n\t\t\t\t<\/div>\n\t\t\t\t<div class=\"elementor-element elementor-element-f17a1ee elementor-widget elementor-widget-heading\" data-id=\"f17a1ee\" data-element_type=\"widget\" data-widget_type=\"heading.default\">\n\t\t\t\t<div class=\"elementor-widget-container\">\n\t\t\t<h2 class=\"elementor-heading-title elementor-size-default\">9e FESTIVAL INTERNACIONAL DE DAMAS M\u00c1GICAS<\/h2>\t\t<\/div>\n\t\t\t\t<\/div>\n\t\t\t\t<section class=\"elementor-section elementor-inner-section elementor-element elementor-element-2c9fda1 elementor-section-boxed elementor-section-height-default elementor-section-height-default\" data-id=\"2c9fda1\" data-element_type=\"section\">\n\t\t\t\t\t\t<div class=\"elementor-container elementor-column-gap-default\">\n\t\t\t\t\t<div class=\"elementor-column elementor-col-100 elementor-inner-column elementor-element elementor-element-1e2409c\" data-id=\"1e2409c\" data-element_type=\"column\">\n\t\t\t<div class=\"elementor-widget-wrap elementor-element-populated\">\n\t\t\t\t\t\t<div class=\"elementor-element elementor-element-d81a019 elementor-widget elementor-widget-text-editor\" data-id=\"d81a019\" data-element_type=\"widget\" data-widget_type=\"text-editor.default\">\n\t\t\t\t<div class=\"elementor-widget-container\">\n\t\t\t\t\t\t\t<p style=\"text-align: justify;\">Como la tradici\u00f3n de los espect\u00e1culos de magia evidenciaba que la mayor\u00eda de protagonistas de estas obras eran hombres, en 2006, decid\u00ed emprender un festival de mujeres que hicieran magia. Poco pensaba que habr\u00eda tantas.<\/p><p style=\"text-align: justify;\">Se realizaron ocho ediciones en Terrassa y, gracias al apoyo del p\u00fablico y la comunidad m\u00e1gica, el papel de la mujer maga se afianzaba. Pero\u2026 lleg\u00f3 la maldita crisis. Ninguna varita m\u00e1gica pudo hacerla desaparecer. Nos seg\u00f3 nuestras ilusiones y el festival qued\u00f3 en paro como tantos proyectos personales y culturales.<\/p><p style=\"text-align: justify;\">Hemos estado cuatro a\u00f1os en pausa y la situaci\u00f3n profesional de las magas hacia la magia no tiene la armon\u00eda que desear\u00edamos, todav\u00eda falta una plataforma \u00fanica para que las m\u00e1gicas presenten sus espect\u00e1culos y muestren su arte en el mundo. El DAMA vuelve con fuerza para llenar ese espacio.<\/p><p style=\"text-align: justify;\">El 15,16 y 17 de marzo, la villa de Premi\u00e0 de Dalt respirar\u00e1 magia y emoci\u00f3n por los cuatro lados. Con una ilusi\u00f3n renovada invito a los profesionales de la magia y al p\u00fablico en general que nos acompa\u00f1en y disfruten del festival en esta actual etapa tan estimulante.<\/p><p style=\"text-align: justify;\">Este a\u00f1o se podr\u00e1n ver magas internacionales que han sido premiadas en todo el mundo. Tambi\u00e9n tenemos el placer y el orgullo de otorgar el XIX Premio de Dama M\u00e1gica de Honor a Consuelo Lorgia, una maga colombiana, que lleva la magia en sus genes, generaci\u00f3n tras generaci\u00f3n.<\/p><p style=\"text-align: justify;\">Agradezco al Ayuntamiento de Premi\u00e0 de Dalt el apoyo, empuje y confianza para volver a hacer realidad este sue\u00f1o.<br \/>\u00a1Buen y m\u00e1gico DAMA!<\/p><p style=\"text-align: justify;\"><span style=\"font-weight: bold; text-align: right;\">Teia Moner. Directora art\u00edstica DAMA<\/span><\/p><p>El prop\u00f3sito de crear EscenARTS \u2013 como programaci\u00f3n cultural estable en Premi\u00e0 de Dalt \u2013 naci\u00f3 de la voluntad de mostrar y compartir las diferentes disciplinas de las artes esc\u00e9nicas con las vecinas y vecinos de nuestro pueblo.<\/p><p>Nuestra convicci\u00f3n en el empoderamiento de las mujeres y en la igualdad de oportunidades hace imprescindible la 9\u00aa edici\u00f3n del DAMA, y hemos decidido programarlo dentro de EscenARTS de invierno en el mes de marzo como clausura de las actividades alrededor del D\u00eda de la Mujer.<\/p><p>Un festival \u00fanico en el mundo en Premi\u00e0 de Dalt que contar\u00e1 con la presencia de Damas M\u00e1gicas de todas partes: Suecia, China, Portugal, Espa\u00f1a, Alemania, Francia y Catalu\u00f1a.<\/p><p>Igualdad, magia y cultura.<\/p><p><span style=\"font-weight: bold; text-align: right;\">Emma Escolano \u2013 Concejala de cultura y artes esc\u00e9nicas<\/span><\/p>\t\t\t\t\t\t<\/div>\n\t\t\t\t<\/div>\n\t\t\t\t\t<\/div>\n\t\t<\/div>\n\t\t\t\t\t<\/div>\n\t\t<\/section>\n\t\t\t\t<div class=\"elementor-element elementor-element-16b5036 elementor-widget-divider--view-line elementor-widget elementor-widget-divider\" data-id=\"16b5036\" data-element_type=\"widget\" data-widget_type=\"divider.default\">\n\t\t\t\t<div class=\"elementor-widget-container\">\n\t\t\t\t\t<div class=\"elementor-divider\">\n\t\t\t<span class=\"elementor-divider-separator\">\n\t\t\t\t\t\t<\/span>\n\t\t<\/div>\n\t\t\t\t<\/div>\n\t\t\t\t<\/div>\n\t\t\t\t<section class=\"elementor-section elementor-inner-section elementor-element elementor-element-9a2cd39 elementor-section-boxed elementor-section-height-default elementor-section-height-default\" data-id=\"9a2cd39\" data-element_type=\"section\">\n\t\t\t\t\t\t<div class=\"elementor-container elementor-column-gap-default\">\n\t\t\t\t\t<div class=\"elementor-column elementor-col-50 elementor-inner-column elementor-element elementor-element-b7bbe6a\" data-id=\"b7bbe6a\" data-element_type=\"column\">\n\t\t\t<div class=\"elementor-widget-wrap elementor-element-populated\">\n\t\t\t\t\t\t<div class=\"elementor-element elementor-element-7a41946 elementor-widget elementor-widget-text-editor\" data-id=\"7a41946\" data-element_type=\"widget\" data-widget_type=\"text-editor.default\">\n\t\t\t\t<div class=\"elementor-widget-container\">\n\t\t\t\t\t\t\t<h4 style=\"text-align: justify;\"><b>PROGRAMA<\/b><\/h4><p style=\"text-align: justify;\"><b>15 Marzo<\/b><\/p><p style=\"text-align: justify;\">21h Biblioteca Jaume Perich<\/p><ul><li>Exposici\u00f3n de libros de magia<\/li><li>Narraci\u00f3n de cuentos con magia Gloria Roig (Catalunya)<\/li><\/ul><p><b>16 Marzo\u00a0 \u00a0 \u00a0 \u00a0<\/b>Bar y Sala Orfe\u00f3. Sociedad Cultural San Jaime<\/p><p>13 h. Inauguraci\u00f3n oficial: Parlamentos y vermut m\u00e1gico con magia de cerca<\/p><ul><li>Joana Andreu (Catalu\u00f1a)<\/li><li>La Dama Inquieta (Catalu\u00f1a)<\/li><\/ul><p>17,30 h. Plaza del Milenario<\/p><ul><li>Taller de magia GAAC<\/li><\/ul><p>21 h. Teatro Sociedad Cultural Sant Jaume<\/p><p>Gala M\u00e1gica<\/p><ul><li><p style=\"display: inline !important;\">Presenta Pepa Plana Noel (Catalu\u00f1a)<\/p><\/li><li><p style=\"display: inline !important;\">Dama m\u00e1gica de honor Consuelo Lorgia<\/p><\/li><li>Amelie (Madrid)<\/li><li>Ilva Scali (Francia)<\/li><li>Malin Nilsson (Suecia)<\/li><li>Astrid Gloria (Alemania)<\/li><li>Solange Cardinaly (Portugal)<\/li><li>Huang Zheng (China)<\/li><\/ul><p>22 h. La Ben\u00e9fica<\/p><p>Sesi\u00f3n Golfa<\/p><ul><li>Presenta M\u00e1gico Sergio (Catalu\u00f1a)<\/li><li>Artistas invitados<\/li><\/ul><p><b>17 Marzo<\/b><\/p><p>10,30 h. Sociedad Cultural San Jaime<\/p><ul><li><p>Talleres pl\u00e1sticos sobre la poes\u00eda visual de Joan Brossa con la Fundaci\u00f3 Joan Brossa<\/p><\/li><\/ul><p>12h. Teatro Sociedad Cultural Sant Jaume<\/p><ul><li><p>Espect\u00e1culo: Embrosate con Addaura Teatre Visual (Catalunya)<\/p><\/li><\/ul>\t\t\t\t\t\t<\/div>\n\t\t\t\t<\/div>\n\t\t\t\t\t<\/div>\n\t\t<\/div>\n\t\t\t\t<div class=\"elementor-column elementor-col-50 elementor-inner-column elementor-element elementor-element-cae69b0\" data-id=\"cae69b0\" data-element_type=\"column\">\n\t\t\t<div class=\"elementor-widget-wrap elementor-element-populated\">\n\t\t\t\t\t\t<div class=\"elementor-element elementor-element-fe5d4d1 elementor-widget elementor-widget-image\" data-id=\"fe5d4d1\" data-element_type=\"widget\" data-widget_type=\"image.default\">\n\t\t\t\t<div class=\"elementor-widget-container\">\n\t\t\t\t\t\t\t\t\t\t\t\t\t<img fetchpriority=\"high\" decoding=\"async\" width=\"768\" height=\"1082\" src=\"https:\/\/damesmagiques.com\/wp-content\/uploads\/2023\/08\/posterDAMA2019-768x1082.jpeg\" class=\"attachment-medium_large size-medium_large wp-image-6938\" alt=\"Poster Festival DAMA 2019\" srcset=\"https:\/\/damesmagiques.com\/wp-content\/uploads\/2023\/08\/posterDAMA2019-768x1082.jpeg 768w, https:\/\/damesmagiques.com\/wp-content\/uploads\/2023\/08\/posterDAMA2019-213x300.jpeg 213w, https:\/\/damesmagiques.com\/wp-content\/uploads\/2023\/08\/posterDAMA2019-727x1024.jpeg 727w, https:\/\/damesmagiques.com\/wp-content\/uploads\/2023\/08\/posterDAMA2019-9x12.jpeg 9w, https:\/\/damesmagiques.com\/wp-content\/uploads\/2023\/08\/posterDAMA2019.jpeg 1065w\" sizes=\"(max-width: 768px) 100vw, 768px\" \/>\t\t\t\t\t\t\t\t\t\t\t\t\t<\/div>\n\t\t\t\t<\/div>\n\t\t\t\t\t<\/div>\n\t\t<\/div>\n\t\t\t\t\t<\/div>\n\t\t<\/section>\n\t\t\t\t\t<\/div>\n\t\t<\/div>\n\t\t\t\t\t<\/div>\n\t\t<\/section>\n\t\t\t\t<section class=\"elementor-section elementor-top-section elementor-element elementor-element-76b4cc8 elementor-section-boxed elementor-section-height-default elementor-section-height-default\" data-id=\"76b4cc8\" data-element_type=\"section\">\n\t\t\t\t\t\t<div class=\"elementor-container elementor-column-gap-default\">\n\t\t\t\t\t<div class=\"elementor-column elementor-col-100 elementor-top-column elementor-element elementor-element-2fd22d9\" data-id=\"2fd22d9\" data-element_type=\"column\">\n\t\t\t<div class=\"elementor-widget-wrap elementor-element-populated\">\n\t\t\t\t\t\t<div class=\"elementor-element elementor-element-21c4ce1 elementor-widget elementor-widget-text-editor\" data-id=\"21c4ce1\" data-element_type=\"widget\" data-widget_type=\"text-editor.default\">\n\t\t\t\t<div class=\"elementor-widget-container\">\n\t\t\t\t\t\t\t<h4 style=\"font-style: normal; letter-spacing: 1.5px;\">PATROCINA<\/h4>\nOrganiza: Ayuntamiento de Premi\u00e0 de Dalt. Cultura, Teia Moner SCCL Con la ayuda de: Departamento de Cultura de la Generalidad de Catalu\u00f1a, Diputaci\u00f3n de Barcelona. #DibaAbierta, Biblioteca Jaume Perich i Escala, Sociedad Cultural Sant Jaume, Red de Teatros de Ateneos de Catalunya, Federaci\u00f3n de Ateneos de Catalunya Colaboran: Granja Restaurante Sant Jaume, Hostal Cal Music, Copicotet, Taxipremiadedalt, Yelo. Sonido y Luces, Trivium Centro de Formaci\u00f3n, Direcci\u00f3n: Teia Moner\t\t\t\t\t\t<\/div>\n\t\t\t\t<\/div>\n\t\t\t\t<div class=\"elementor-element elementor-element-7cc6cdb elementor-widget-divider--view-line elementor-widget elementor-widget-divider\" data-id=\"7cc6cdb\" data-element_type=\"widget\" data-widget_type=\"divider.default\">\n\t\t\t\t<div class=\"elementor-widget-container\">\n\t\t\t\t\t<div class=\"elementor-divider\">\n\t\t\t<span class=\"elementor-divider-separator\">\n\t\t\t\t\t\t<\/span>\n\t\t<\/div>\n\t\t\t\t<\/div>\n\t\t\t\t<\/div>\n\t\t\t\t\t<\/div>\n\t\t<\/div>\n\t\t\t\t\t<\/div>\n\t\t<\/section>\n\t\t\t\t<section class=\"elementor-section elementor-top-section elementor-element elementor-element-dca180c elementor-section-boxed elementor-section-height-default elementor-section-height-default\" data-id=\"dca180c\" data-element_type=\"section\">\n\t\t\t\t\t\t<div class=\"elementor-container elementor-column-gap-default\">\n\t\t\t\t\t<div class=\"elementor-column elementor-col-100 elementor-top-column elementor-element elementor-element-3056471\" data-id=\"3056471\" data-element_type=\"column\">\n\t\t\t<div class=\"elementor-widget-wrap elementor-element-populated\">\n\t\t\t\t\t\t<div class=\"elementor-element elementor-element-39e2bfa elementor-widget elementor-widget-gallery\" data-id=\"39e2bfa\" data-element_type=\"widget\" data-settings=\"{&quot;gallery_layout&quot;:&quot;justified&quot;,&quot;gap&quot;:{&quot;unit&quot;:&quot;px&quot;,&quot;size&quot;:0,&quot;sizes&quot;:[]},&quot;lazyload&quot;:&quot;yes&quot;,&quot;ideal_row_height&quot;:{&quot;unit&quot;:&quot;px&quot;,&quot;size&quot;:200,&quot;sizes&quot;:[]},&quot;ideal_row_height_tablet&quot;:{&quot;unit&quot;:&quot;px&quot;,&quot;size&quot;:150,&quot;sizes&quot;:[]},&quot;ideal_row_height_mobile&quot;:{&quot;unit&quot;:&quot;px&quot;,&quot;size&quot;:150,&quot;sizes&quot;:[]},&quot;gap_tablet&quot;:{&quot;unit&quot;:&quot;px&quot;,&quot;size&quot;:10,&quot;sizes&quot;:[]},&quot;gap_mobile&quot;:{&quot;unit&quot;:&quot;px&quot;,&quot;size&quot;:10,&quot;sizes&quot;:[]},&quot;link_to&quot;:&quot;file&quot;,&quot;overlay_background&quot;:&quot;yes&quot;,&quot;content_hover_animation&quot;:&quot;fade-in&quot;}\" data-widget_type=\"gallery.default\">\n\t\t\t\t<div class=\"elementor-widget-container\">\n\t\t\t\t\t<div class=\"elementor-gallery__container\">\n\t\t\t\t\t\t\t<a class=\"e-gallery-item elementor-gallery-item elementor-animated-content\" href=\"https:\/\/damesmagiques.com\/wp-content\/uploads\/2020\/08\/DAMA2019-1.jpg\">\n\t\t\t\t\t<div class=\"e-gallery-image elementor-gallery-item__image\" data-thumbnail=\"https:\/\/damesmagiques.com\/wp-content\/uploads\/2020\/08\/DAMA2019-1.jpg\" data-width=\"494\" data-height=\"700\" aria-label=\"\" role=\"img\" ><\/div>\n\t\t\t\t\t\t\t\t\t\t\t<div class=\"elementor-gallery-item__overlay\"><\/div>\n\t\t\t\t\t\t\t\t\t\t\t\t\t\t<\/a>\n\t\t\t\t\t\t\t<a class=\"e-gallery-item elementor-gallery-item elementor-animated-content\" href=\"https:\/\/damesmagiques.com\/wp-content\/uploads\/2020\/08\/DAMA2014-1.jpg\">\n\t\t\t\t\t<div class=\"e-gallery-image elementor-gallery-item__image\" data-thumbnail=\"https:\/\/damesmagiques.com\/wp-content\/uploads\/2020\/08\/DAMA2014-1.jpg\" data-width=\"495\" data-height=\"700\" aria-label=\"\" role=\"img\" ><\/div>\n\t\t\t\t\t\t\t\t\t\t\t<div class=\"elementor-gallery-item__overlay\"><\/div>\n\t\t\t\t\t\t\t\t\t\t\t\t\t\t<\/a>\n\t\t\t\t\t\t\t<a class=\"e-gallery-item elementor-gallery-item elementor-animated-content\" href=\"https:\/\/damesmagiques.com\/wp-content\/uploads\/2020\/08\/DAMA2012-1.jpg\">\n\t\t\t\t\t<div class=\"e-gallery-image elementor-gallery-item__image\" data-thumbnail=\"https:\/\/damesmagiques.com\/wp-content\/uploads\/2020\/08\/DAMA2012-1.jpg\" data-width=\"333\" data-height=\"700\" aria-label=\"\" role=\"img\" ><\/div>\n\t\t\t\t\t\t\t\t\t\t\t<div class=\"elementor-gallery-item__overlay\"><\/div>\n\t\t\t\t\t\t\t\t\t\t\t\t\t\t<\/a>\n\t\t\t\t\t\t\t<a class=\"e-gallery-item elementor-gallery-item elementor-animated-content\" href=\"https:\/\/damesmagiques.com\/wp-content\/uploads\/2020\/08\/DAMA2011-1.jpg\">\n\t\t\t\t\t<div class=\"e-gallery-image elementor-gallery-item__image\" data-thumbnail=\"https:\/\/damesmagiques.com\/wp-content\/uploads\/2020\/08\/DAMA2011-1.jpg\" data-width=\"495\" data-height=\"700\" aria-label=\"\" role=\"img\" ><\/div>\n\t\t\t\t\t\t\t\t\t\t\t<div class=\"elementor-gallery-item__overlay\"><\/div>\n\t\t\t\t\t\t\t\t\t\t\t\t\t\t<\/a>\n\t\t\t\t\t\t\t<a class=\"e-gallery-item elementor-gallery-item elementor-animated-content\" href=\"https:\/\/damesmagiques.com\/wp-content\/uploads\/2020\/08\/DAMA2010-1.jpg\">\n\t\t\t\t\t<div class=\"e-gallery-image elementor-gallery-item__image\" data-thumbnail=\"https:\/\/damesmagiques.com\/wp-content\/uploads\/2020\/08\/DAMA2010-1.jpg\" data-width=\"466\" data-height=\"700\" aria-label=\"\" role=\"img\" ><\/div>\n\t\t\t\t\t\t\t\t\t\t\t<div class=\"elementor-gallery-item__overlay\"><\/div>\n\t\t\t\t\t\t\t\t\t\t\t\t\t\t<\/a>\n\t\t\t\t\t\t\t<a class=\"e-gallery-item elementor-gallery-item elementor-animated-content\" href=\"https:\/\/damesmagiques.com\/wp-content\/uploads\/2020\/08\/DAMA2009-1.jpg\">\n\t\t\t\t\t<div class=\"e-gallery-image elementor-gallery-item__image\" data-thumbnail=\"https:\/\/damesmagiques.com\/wp-content\/uploads\/2020\/08\/DAMA2009-1.jpg\" data-width=\"467\" data-height=\"700\" aria-label=\"\" role=\"img\" ><\/div>\n\t\t\t\t\t\t\t\t\t\t\t<div class=\"elementor-gallery-item__overlay\"><\/div>\n\t\t\t\t\t\t\t\t\t\t\t\t\t\t<\/a>\n\t\t\t\t\t\t\t<a class=\"e-gallery-item elementor-gallery-item elementor-animated-content\" href=\"https:\/\/damesmagiques.com\/wp-content\/uploads\/2020\/08\/DAMA2008-1.jpg\">\n\t\t\t\t\t<div class=\"e-gallery-image elementor-gallery-item__image\" data-thumbnail=\"https:\/\/damesmagiques.com\/wp-content\/uploads\/2020\/08\/DAMA2008-1.jpg\" data-width=\"417\" data-height=\"700\" aria-label=\"\" role=\"img\" ><\/div>\n\t\t\t\t\t\t\t\t\t\t\t<div class=\"elementor-gallery-item__overlay\"><\/div>\n\t\t\t\t\t\t\t\t\t\t\t\t\t\t<\/a>\n\t\t\t\t\t\t\t<a class=\"e-gallery-item elementor-gallery-item elementor-animated-content\" href=\"https:\/\/damesmagiques.com\/wp-content\/uploads\/2020\/08\/DAMA2007-1.jpg\">\n\t\t\t\t\t<div class=\"e-gallery-image elementor-gallery-item__image\" data-thumbnail=\"https:\/\/damesmagiques.com\/wp-content\/uploads\/2020\/08\/DAMA2007-1.jpg\" data-width=\"495\" data-height=\"700\" aria-label=\"\" role=\"img\" ><\/div>\n\t\t\t\t\t\t\t\t\t\t\t<div class=\"elementor-gallery-item__overlay\"><\/div>\n\t\t\t\t\t\t\t\t\t\t\t\t\t\t<\/a>\n\t\t\t\t\t\t\t<a class=\"e-gallery-item elementor-gallery-item elementor-animated-content\" href=\"https:\/\/damesmagiques.com\/wp-content\/uploads\/2020\/08\/DAMA2006-1.jpg\">\n\t\t\t\t\t<div class=\"e-gallery-image elementor-gallery-item__image\" data-thumbnail=\"https:\/\/damesmagiques.com\/wp-content\/uploads\/2020\/08\/DAMA2006-1.jpg\" data-width=\"500\" data-height=\"700\" aria-label=\"\" role=\"img\" ><\/div>\n\t\t\t\t\t\t\t\t\t\t\t<div class=\"elementor-gallery-item__overlay\"><\/div>\n\t\t\t\t\t\t\t\t\t\t\t\t\t\t<\/a>\n\t\t\t\t\t<\/div>\n\t\t\t<\/div>\n\t\t\t\t<\/div>\n\t\t\t\t\t<\/div>\n\t\t<\/div>\n\t\t\t\t\t<\/div>\n\t\t<\/section>\n\t\t\t\t<\/div>","protected":false},"excerpt":{"rendered":"<p>DAMA 2019 9\u00ba FESTIVAL INTERNACIONAL DE DAMAS M\u00c1GICAS Como la tradici\u00f3n de los espect\u00e1culos de magia evidenciaba que la mayor\u00eda de protagonistas de estas obras eran hombres, en 2006, decid\u00ed \u2026 <\/p>\n<p class=\"read-more-container\"><a title=\"9e FESTIVAL DAMA\" class=\"read-more button\" href=\"https:\/\/damesmagiques.com\/es\/9e-festival-dama\/#more-6863\">seguir leyendo<span class=\"screen-reader-text\">9e FESTIVAL DAMA<\/span><\/a><\/p>","protected":false},"author":1,"featured_media":0,"parent":0,"menu_order":0,"comment_status":"closed","ping_status":"closed","template":"","meta":{"footnotes":""},"_links":{"self":[{"href":"https:\/\/damesmagiques.com\/es\/wp-json\/wp\/v2\/pages\/6863"}],"collection":[{"href":"https:\/\/damesmagiques.com\/es\/wp-json\/wp\/v2\/pages"}],"about":[{"href":"https:\/\/damesmagiques.com\/es\/wp-json\/wp\/v2\/types\/page"}],"author":[{"embeddable":true,"href":"https:\/\/damesmagiques.com\/es\/wp-json\/wp\/v2\/users\/1"}],"replies":[{"embeddable":true,"href":"https:\/\/damesmagiques.com\/es\/wp-json\/wp\/v2\/comments?post=6863"}],"version-history":[{"count":8,"href":"https:\/\/damesmagiques.com\/es\/wp-json\/wp\/v2\/pages\/6863\/revisions"}],"predecessor-version":[{"id":7506,"href":"https:\/\/damesmagiques.com\/es\/wp-json\/wp\/v2\/pages\/6863\/revisions\/7506"}],"wp:attachment":[{"href":"https:\/\/damesmagiques.com\/es\/wp-json\/wp\/v2\/media?parent=6863"}],"curies":[{"name":"wp","href":"https:\/\/api.w.org\/{rel}","templated":true}]}}