{"id":6859,"date":"2023-08-07T18:00:22","date_gmt":"2023-08-07T16:00:22","guid":{"rendered":"http:\/\/damesmagiques.com\/?page_id=6859"},"modified":"2023-08-25T13:06:05","modified_gmt":"2023-08-25T11:06:05","slug":"7e-festival-dama","status":"publish","type":"page","link":"https:\/\/damesmagiques.com\/fr\/7e-festival-dama\/","title":{"rendered":"7\u00e8me FESTIVAL DE LA FEMME"},"content":{"rendered":"<div data-elementor-type=\"wp-page\" data-elementor-id=\"6859\" class=\"elementor elementor-6859\" data-elementor-post-type=\"page\">\n\t\t\t\t\t\t<section class=\"elementor-section elementor-top-section elementor-element elementor-element-79a66f0 elementor-section-boxed elementor-section-height-default elementor-section-height-default\" data-id=\"79a66f0\" data-element_type=\"section\">\n\t\t\t\t\t\t<div class=\"elementor-container elementor-column-gap-default\">\n\t\t\t\t\t<div class=\"elementor-column elementor-col-100 elementor-top-column elementor-element elementor-element-3c36c5c\" data-id=\"3c36c5c\" data-element_type=\"column\">\n\t\t\t<div class=\"elementor-widget-wrap elementor-element-populated\">\n\t\t\t\t\t\t<div class=\"elementor-element elementor-element-7eca1c7 elementor-widget elementor-widget-heading\" data-id=\"7eca1c7\" data-element_type=\"widget\" data-widget_type=\"heading.default\">\n\t\t\t\t<div class=\"elementor-widget-container\">\n\t\t\t<h2 class=\"elementor-heading-title elementor-size-default\">DAMA 2012<\/h2>\t\t<\/div>\n\t\t\t\t<\/div>\n\t\t\t\t<div class=\"elementor-element elementor-element-f17a1ee elementor-widget elementor-widget-heading\" data-id=\"f17a1ee\" data-element_type=\"widget\" data-widget_type=\"heading.default\">\n\t\t\t\t<div class=\"elementor-widget-container\">\n\t\t\t<h2 class=\"elementor-heading-title elementor-size-default\">7\u00e8me FESTIVAL INTERNATIONAL DES DAMES MAGIQUES<\/h2>\t\t<\/div>\n\t\t\t\t<\/div>\n\t\t\t\t<section class=\"elementor-section elementor-inner-section elementor-element elementor-element-2c9fda1 elementor-section-boxed elementor-section-height-default elementor-section-height-default\" data-id=\"2c9fda1\" data-element_type=\"section\">\n\t\t\t\t\t\t<div class=\"elementor-container elementor-column-gap-default\">\n\t\t\t\t\t<div class=\"elementor-column elementor-col-100 elementor-inner-column elementor-element elementor-element-1e2409c\" data-id=\"1e2409c\" data-element_type=\"column\">\n\t\t\t<div class=\"elementor-widget-wrap elementor-element-populated\">\n\t\t\t\t\t\t<div class=\"elementor-element elementor-element-d81a019 elementor-widget elementor-widget-text-editor\" data-id=\"d81a019\" data-element_type=\"widget\" data-widget_type=\"text-editor.default\">\n\t\t\t\t<div class=\"elementor-widget-container\">\n\t\t\t\t\t\t\t<p style=\"text-align: justify;\">Sept est un nombre entour\u00e9 de magie et de myst\u00e8re depuis l\u2019Antiquit\u00e9. Il est associ\u00e9 \u00e0 la chance, \u00e0 la victoire et au succ\u00e8s. Dans cette septi\u00e8me \u00e9dition, nous pourrons profiter des bienfaits du sept.<\/p><p style=\"text-align: justify;\">Cette ann\u00e9e, nous consacrons le festival aux magiciens d&#039;Espagne. Nous en avons de plus en plus. C\u2019est une chance d\u2019avoir un casting aussi riche et important de femmes magiques dans notre pays.<br \/>Cette ann\u00e9e, nous d\u00e9cernons le Honorary Magical Lady Award \u00e0 Teresa Pallej\u00e0, une grande dame magique qui, depuis SEI, veille sans rel\u00e2che \u00e0 ce que la magie soit toujours pr\u00e9sente dans nos vies.<\/p><p style=\"text-align: justify;\">A l&#039;abri de la soif je te souhaite une bonne f\u00eate<\/p><p style=\"text-align: right;\"><strong>Teia Moner Directeur artistique DAMA<\/strong><\/p>\t\t\t\t\t\t<\/div>\n\t\t\t\t<\/div>\n\t\t\t\t\t<\/div>\n\t\t<\/div>\n\t\t\t\t\t<\/div>\n\t\t<\/section>\n\t\t\t\t<div class=\"elementor-element elementor-element-16b5036 elementor-widget-divider--view-line elementor-widget elementor-widget-divider\" data-id=\"16b5036\" data-element_type=\"widget\" data-widget_type=\"divider.default\">\n\t\t\t\t<div class=\"elementor-widget-container\">\n\t\t\t\t\t<div class=\"elementor-divider\">\n\t\t\t<span class=\"elementor-divider-separator\">\n\t\t\t\t\t\t<\/span>\n\t\t<\/div>\n\t\t\t\t<\/div>\n\t\t\t\t<\/div>\n\t\t\t\t<section class=\"elementor-section elementor-inner-section elementor-element elementor-element-9a2cd39 elementor-section-boxed elementor-section-height-default elementor-section-height-default\" data-id=\"9a2cd39\" data-element_type=\"section\">\n\t\t\t\t\t\t<div class=\"elementor-container elementor-column-gap-default\">\n\t\t\t\t\t<div class=\"elementor-column elementor-col-50 elementor-inner-column elementor-element elementor-element-b7bbe6a\" data-id=\"b7bbe6a\" data-element_type=\"column\">\n\t\t\t<div class=\"elementor-widget-wrap elementor-element-populated\">\n\t\t\t\t\t\t<div class=\"elementor-element elementor-element-7a41946 elementor-widget elementor-widget-text-editor\" data-id=\"7a41946\" data-element_type=\"widget\" data-widget_type=\"text-editor.default\">\n\t\t\t\t<div class=\"elementor-widget-container\">\n\t\t\t\t\t\t\t<h4 style=\"text-align: justify;\"><b>PROGRAMME<\/b><\/h4><p style=\"text-align: justify;\"><b>6 juillet<\/b><\/p><p style=\"text-align: justify;\">18h00 Place de la Torre del Palau<\/p><p style=\"text-align: justify;\">Dames dans la tour<\/p><ul><li>Judit Fuster (Catalogne) \u00a0\u00a0<\/li><li>Am\u00e9lie (Madrid) \u00a0\u00a0<\/li><li>Gloria Roig (Catalogne)\u00a0 \u00a0<\/li><\/ul><p style=\"text-align: start;\"><span style=\"font-weight: bold; text-align: justify;\">7 juillet<\/span><\/p><p style=\"text-align: justify;\">18h00 Place de la Torre del Palau<\/p><p style=\"text-align: justify;\">Mesdames \u00e0 Casa Alegre<\/p><ul><li>Judit Fuster (Catalogne) \u00a0\u00a0<\/li><li>Am\u00e9lie (Madrid) \u00a0\u00a0<\/li><li>Gloria Roig (Catalogne)\u00a0<\/li><\/ul><p>22 heures Th\u00e9\u00e2tre principal<\/p><p>Gala Magique<\/p><ul><li>Pr\u00e9sente Mago Vituco (Galice)<\/li><li>Dame Magique Honoraire Teresa Pallej\u00e0 (Catalogne)<\/li><li>Pepelusis &amp; Minute (Catalogne)<\/li><li>Judit Fuster (Catalogne)<\/li><li>Danse Magique Addaura (Catalogne)<\/li><li>Lumi\u00e8re et Gyna (Catalogne)<\/li><li>Jessica Guloomal (\u00celes Canaries)<\/li><li>Am\u00e9lie (Madrid)<\/li><\/ul><p>24 heures Soci\u00e9t\u00e9 Chorale Els Amics<\/p><p>S\u00e9ance de loft<\/p><ul><li>Pr\u00e9sente Enric Magoo (Catalogne)<\/li><li>Artistes invit\u00e9s<\/li><\/ul><div>\u00a0<\/div><h4 style=\"font-style: normal;\">PARRAINER<\/h4><p style=\"color: #7a7a7a; font-family: Roboto, sans-serif; font-size: 18px; letter-spacing: normal;\">Organis\u00e9 par : Mairie de Terrassa<\/p><p style=\"color: #7a7a7a; font-family: Roboto, sans-serif; font-size: 18px; letter-spacing: normal;\">Avec l&#039;aide de : D\u00e9partement de la Culture de la Generalitat de Catalunya et du R\u00e9seau des Communes de la Diputaci\u00f3 de Barcelona<\/p><p style=\"color: #7a7a7a; font-family: Roboto, sans-serif; font-size: 18px; letter-spacing: normal;\">Collaborateurs : Mus\u00e9e de Terrassa, Soci\u00e9t\u00e9 Chorale Els Amics, Caixa Layetana<\/p><p style=\"color: #7a7a7a; font-family: Roboto, sans-serif; font-size: 18px; letter-spacing: normal;\">R\u00e9alisation : Teia Moner<\/p><p style=\"color: #7a7a7a; font-family: Roboto, sans-serif; font-size: 18px; letter-spacing: normal;\">Production : Gaac<\/p><p style=\"color: #7a7a7a; font-family: Roboto, sans-serif; font-size: 18px; letter-spacing: normal;\">\u00a0<\/p>\t\t\t\t\t\t<\/div>\n\t\t\t\t<\/div>\n\t\t\t\t\t<\/div>\n\t\t<\/div>\n\t\t\t\t<div class=\"elementor-column elementor-col-50 elementor-inner-column elementor-element elementor-element-cae69b0\" data-id=\"cae69b0\" data-element_type=\"column\">\n\t\t\t<div class=\"elementor-widget-wrap elementor-element-populated\">\n\t\t\t\t\t\t<div class=\"elementor-element elementor-element-fe5d4d1 elementor-widget elementor-widget-image\" data-id=\"fe5d4d1\" data-element_type=\"widget\" data-widget_type=\"image.default\">\n\t\t\t\t<div class=\"elementor-widget-container\">\n\t\t\t\t\t\t\t\t\t\t\t\t\t<img fetchpriority=\"high\" decoding=\"async\" width=\"713\" height=\"1500\" src=\"https:\/\/damesmagiques.com\/wp-content\/uploads\/2023\/08\/posterDAMA2012.jpg\" class=\"attachment-medium_large size-medium_large wp-image-6936\" alt=\"Poster Festival Dama 2012\" srcset=\"https:\/\/damesmagiques.com\/wp-content\/uploads\/2023\/08\/posterDAMA2012.jpg 713w, https:\/\/damesmagiques.com\/wp-content\/uploads\/2023\/08\/posterDAMA2012-143x300.jpg 143w, https:\/\/damesmagiques.com\/wp-content\/uploads\/2023\/08\/posterDAMA2012-487x1024.jpg 487w, https:\/\/damesmagiques.com\/wp-content\/uploads\/2023\/08\/posterDAMA2012-6x12.jpg 6w\" sizes=\"(max-width: 713px) 100vw, 713px\" \/>\t\t\t\t\t\t\t\t\t\t\t\t\t<\/div>\n\t\t\t\t<\/div>\n\t\t\t\t\t<\/div>\n\t\t<\/div>\n\t\t\t\t\t<\/div>\n\t\t<\/section>\n\t\t\t\t\t<\/div>\n\t\t<\/div>\n\t\t\t\t\t<\/div>\n\t\t<\/section>\n\t\t\t\t<section class=\"elementor-section elementor-top-section elementor-element elementor-element-6ec55a6 elementor-section-boxed elementor-section-height-default elementor-section-height-default\" data-id=\"6ec55a6\" data-element_type=\"section\">\n\t\t\t\t\t\t<div class=\"elementor-container elementor-column-gap-default\">\n\t\t\t\t\t<div class=\"elementor-column elementor-col-100 elementor-top-column elementor-element elementor-element-ec893a9\" data-id=\"ec893a9\" data-element_type=\"column\">\n\t\t\t<div class=\"elementor-widget-wrap elementor-element-populated\">\n\t\t\t\t\t\t<div class=\"elementor-element elementor-element-03f04e7 elementor-widget-divider--view-line elementor-widget elementor-widget-divider\" data-id=\"03f04e7\" data-element_type=\"widget\" data-widget_type=\"divider.default\">\n\t\t\t\t<div class=\"elementor-widget-container\">\n\t\t\t\t\t<div class=\"elementor-divider\">\n\t\t\t<span class=\"elementor-divider-separator\">\n\t\t\t\t\t\t<\/span>\n\t\t<\/div>\n\t\t\t\t<\/div>\n\t\t\t\t<\/div>\n\t\t\t\t\t<\/div>\n\t\t<\/div>\n\t\t\t\t\t<\/div>\n\t\t<\/section>\n\t\t\t\t<section class=\"elementor-section elementor-top-section elementor-element elementor-element-dca180c elementor-section-boxed elementor-section-height-default elementor-section-height-default\" data-id=\"dca180c\" data-element_type=\"section\">\n\t\t\t\t\t\t<div class=\"elementor-container elementor-column-gap-default\">\n\t\t\t\t\t<div class=\"elementor-column elementor-col-100 elementor-top-column elementor-element elementor-element-3056471\" data-id=\"3056471\" data-element_type=\"column\">\n\t\t\t<div class=\"elementor-widget-wrap elementor-element-populated\">\n\t\t\t\t\t\t<div class=\"elementor-element elementor-element-39e2bfa elementor-widget elementor-widget-gallery\" data-id=\"39e2bfa\" data-element_type=\"widget\" data-settings=\"{&quot;gallery_layout&quot;:&quot;justified&quot;,&quot;gap&quot;:{&quot;unit&quot;:&quot;px&quot;,&quot;size&quot;:0,&quot;sizes&quot;:[]},&quot;lazyload&quot;:&quot;yes&quot;,&quot;ideal_row_height&quot;:{&quot;unit&quot;:&quot;px&quot;,&quot;size&quot;:200,&quot;sizes&quot;:[]},&quot;ideal_row_height_tablet&quot;:{&quot;unit&quot;:&quot;px&quot;,&quot;size&quot;:150,&quot;sizes&quot;:[]},&quot;ideal_row_height_mobile&quot;:{&quot;unit&quot;:&quot;px&quot;,&quot;size&quot;:150,&quot;sizes&quot;:[]},&quot;gap_tablet&quot;:{&quot;unit&quot;:&quot;px&quot;,&quot;size&quot;:10,&quot;sizes&quot;:[]},&quot;gap_mobile&quot;:{&quot;unit&quot;:&quot;px&quot;,&quot;size&quot;:10,&quot;sizes&quot;:[]},&quot;link_to&quot;:&quot;file&quot;,&quot;overlay_background&quot;:&quot;yes&quot;,&quot;content_hover_animation&quot;:&quot;fade-in&quot;}\" data-widget_type=\"gallery.default\">\n\t\t\t\t<div class=\"elementor-widget-container\">\n\t\t\t\t\t<div class=\"elementor-gallery__container\">\n\t\t\t\t\t\t\t<a class=\"e-gallery-item elementor-gallery-item elementor-animated-content\" href=\"https:\/\/damesmagiques.com\/wp-content\/uploads\/2020\/08\/DAMA2019-1.jpg\">\n\t\t\t\t\t<div class=\"e-gallery-image elementor-gallery-item__image\" data-thumbnail=\"https:\/\/damesmagiques.com\/wp-content\/uploads\/2020\/08\/DAMA2019-1.jpg\" data-width=\"494\" data-height=\"700\" aria-label=\"\" role=\"img\" ><\/div>\n\t\t\t\t\t\t\t\t\t\t\t<div class=\"elementor-gallery-item__overlay\"><\/div>\n\t\t\t\t\t\t\t\t\t\t\t\t\t\t<\/a>\n\t\t\t\t\t\t\t<a class=\"e-gallery-item elementor-gallery-item elementor-animated-content\" href=\"https:\/\/damesmagiques.com\/wp-content\/uploads\/2020\/08\/DAMA2014-1.jpg\">\n\t\t\t\t\t<div class=\"e-gallery-image elementor-gallery-item__image\" data-thumbnail=\"https:\/\/damesmagiques.com\/wp-content\/uploads\/2020\/08\/DAMA2014-1.jpg\" data-width=\"495\" data-height=\"700\" aria-label=\"\" role=\"img\" ><\/div>\n\t\t\t\t\t\t\t\t\t\t\t<div class=\"elementor-gallery-item__overlay\"><\/div>\n\t\t\t\t\t\t\t\t\t\t\t\t\t\t<\/a>\n\t\t\t\t\t\t\t<a class=\"e-gallery-item elementor-gallery-item elementor-animated-content\" href=\"https:\/\/damesmagiques.com\/wp-content\/uploads\/2020\/08\/DAMA2012-1.jpg\">\n\t\t\t\t\t<div class=\"e-gallery-image elementor-gallery-item__image\" data-thumbnail=\"https:\/\/damesmagiques.com\/wp-content\/uploads\/2020\/08\/DAMA2012-1.jpg\" data-width=\"333\" data-height=\"700\" aria-label=\"\" role=\"img\" ><\/div>\n\t\t\t\t\t\t\t\t\t\t\t<div class=\"elementor-gallery-item__overlay\"><\/div>\n\t\t\t\t\t\t\t\t\t\t\t\t\t\t<\/a>\n\t\t\t\t\t\t\t<a class=\"e-gallery-item elementor-gallery-item elementor-animated-content\" href=\"https:\/\/damesmagiques.com\/wp-content\/uploads\/2020\/08\/DAMA2011-1.jpg\">\n\t\t\t\t\t<div class=\"e-gallery-image elementor-gallery-item__image\" data-thumbnail=\"https:\/\/damesmagiques.com\/wp-content\/uploads\/2020\/08\/DAMA2011-1.jpg\" data-width=\"495\" data-height=\"700\" aria-label=\"\" role=\"img\" ><\/div>\n\t\t\t\t\t\t\t\t\t\t\t<div class=\"elementor-gallery-item__overlay\"><\/div>\n\t\t\t\t\t\t\t\t\t\t\t\t\t\t<\/a>\n\t\t\t\t\t\t\t<a class=\"e-gallery-item elementor-gallery-item elementor-animated-content\" href=\"https:\/\/damesmagiques.com\/wp-content\/uploads\/2020\/08\/DAMA2010-1.jpg\">\n\t\t\t\t\t<div class=\"e-gallery-image elementor-gallery-item__image\" data-thumbnail=\"https:\/\/damesmagiques.com\/wp-content\/uploads\/2020\/08\/DAMA2010-1.jpg\" data-width=\"466\" data-height=\"700\" aria-label=\"\" role=\"img\" ><\/div>\n\t\t\t\t\t\t\t\t\t\t\t<div class=\"elementor-gallery-item__overlay\"><\/div>\n\t\t\t\t\t\t\t\t\t\t\t\t\t\t<\/a>\n\t\t\t\t\t\t\t<a class=\"e-gallery-item elementor-gallery-item elementor-animated-content\" href=\"https:\/\/damesmagiques.com\/wp-content\/uploads\/2020\/08\/DAMA2009-1.jpg\">\n\t\t\t\t\t<div class=\"e-gallery-image elementor-gallery-item__image\" data-thumbnail=\"https:\/\/damesmagiques.com\/wp-content\/uploads\/2020\/08\/DAMA2009-1.jpg\" data-width=\"467\" data-height=\"700\" aria-label=\"\" role=\"img\" ><\/div>\n\t\t\t\t\t\t\t\t\t\t\t<div class=\"elementor-gallery-item__overlay\"><\/div>\n\t\t\t\t\t\t\t\t\t\t\t\t\t\t<\/a>\n\t\t\t\t\t\t\t<a class=\"e-gallery-item elementor-gallery-item elementor-animated-content\" href=\"https:\/\/damesmagiques.com\/wp-content\/uploads\/2020\/08\/DAMA2008-1.jpg\">\n\t\t\t\t\t<div class=\"e-gallery-image elementor-gallery-item__image\" data-thumbnail=\"https:\/\/damesmagiques.com\/wp-content\/uploads\/2020\/08\/DAMA2008-1.jpg\" data-width=\"417\" data-height=\"700\" aria-label=\"\" role=\"img\" ><\/div>\n\t\t\t\t\t\t\t\t\t\t\t<div class=\"elementor-gallery-item__overlay\"><\/div>\n\t\t\t\t\t\t\t\t\t\t\t\t\t\t<\/a>\n\t\t\t\t\t\t\t<a class=\"e-gallery-item elementor-gallery-item elementor-animated-content\" href=\"https:\/\/damesmagiques.com\/wp-content\/uploads\/2020\/08\/DAMA2007-1.jpg\">\n\t\t\t\t\t<div class=\"e-gallery-image elementor-gallery-item__image\" data-thumbnail=\"https:\/\/damesmagiques.com\/wp-content\/uploads\/2020\/08\/DAMA2007-1.jpg\" data-width=\"495\" data-height=\"700\" aria-label=\"\" role=\"img\" ><\/div>\n\t\t\t\t\t\t\t\t\t\t\t<div class=\"elementor-gallery-item__overlay\"><\/div>\n\t\t\t\t\t\t\t\t\t\t\t\t\t\t<\/a>\n\t\t\t\t\t\t\t<a class=\"e-gallery-item elementor-gallery-item elementor-animated-content\" href=\"https:\/\/damesmagiques.com\/wp-content\/uploads\/2020\/08\/DAMA2006-1.jpg\">\n\t\t\t\t\t<div class=\"e-gallery-image elementor-gallery-item__image\" data-thumbnail=\"https:\/\/damesmagiques.com\/wp-content\/uploads\/2020\/08\/DAMA2006-1.jpg\" data-width=\"500\" data-height=\"700\" aria-label=\"\" role=\"img\" ><\/div>\n\t\t\t\t\t\t\t\t\t\t\t<div class=\"elementor-gallery-item__overlay\"><\/div>\n\t\t\t\t\t\t\t\t\t\t\t\t\t\t<\/a>\n\t\t\t\t\t<\/div>\n\t\t\t<\/div>\n\t\t\t\t<\/div>\n\t\t\t\t\t<\/div>\n\t\t<\/div>\n\t\t\t\t\t<\/div>\n\t\t<\/section>\n\t\t\t\t<\/div>","protected":false},"excerpt":{"rendered":"<p>DAMA 2012 7\u00e8me FESTIVAL INTERNATIONAL DES DAMES MAGIQUES Sept est un nombre entour\u00e9 de magie et de myst\u00e8re depuis l&#039;Antiquit\u00e9. Il est associ\u00e9 \u00e0 la chance, au\u2026 <\/p>\n<p class=\"read-more-container\"><a title=\"7\u00e8me FESTIVAL DE LA FEMME\" class=\"read-more button\" href=\"https:\/\/damesmagiques.com\/fr\/7e-festival-dama\/#more-6859\">Continue de lire<span class=\"screen-reader-text\">7\u00e8me FESTIVAL DE LA FEMME<\/span><\/a><\/p>","protected":false},"author":1,"featured_media":0,"parent":0,"menu_order":0,"comment_status":"closed","ping_status":"closed","template":"","meta":{"footnotes":""},"_links":{"self":[{"href":"https:\/\/damesmagiques.com\/fr\/wp-json\/wp\/v2\/pages\/6859"}],"collection":[{"href":"https:\/\/damesmagiques.com\/fr\/wp-json\/wp\/v2\/pages"}],"about":[{"href":"https:\/\/damesmagiques.com\/fr\/wp-json\/wp\/v2\/types\/page"}],"author":[{"embeddable":true,"href":"https:\/\/damesmagiques.com\/fr\/wp-json\/wp\/v2\/users\/1"}],"replies":[{"embeddable":true,"href":"https:\/\/damesmagiques.com\/fr\/wp-json\/wp\/v2\/comments?post=6859"}],"version-history":[{"count":11,"href":"https:\/\/damesmagiques.com\/fr\/wp-json\/wp\/v2\/pages\/6859\/revisions"}],"predecessor-version":[{"id":7504,"href":"https:\/\/damesmagiques.com\/fr\/wp-json\/wp\/v2\/pages\/6859\/revisions\/7504"}],"wp:attachment":[{"href":"https:\/\/damesmagiques.com\/fr\/wp-json\/wp\/v2\/media?parent=6859"}],"curies":[{"name":"wp","href":"https:\/\/api.w.org\/{rel}","templated":true}]}}